{"id":590,"date":"2018-10-31T11:37:25","date_gmt":"2018-10-31T10:37:25","guid":{"rendered":"http:\/\/hellasgarden.se\/?page_id=590"},"modified":"2026-03-26T15:27:38","modified_gmt":"2026-03-26T14:27:38","slug":"mountainbike","status":"publish","type":"page","link":"https:\/\/hellasgarden.se\/en\/aktiviteter\/mountainbike\/","title":{"rendered":"Mountain bike"},"content":{"rendered":"<div id=\"cs-content\" class=\"cs-content\"><\/div>","protected":false},"excerpt":{"rendered":"<p>MountainbikeHemMountainbike i Stockholm &#8211; hos oss kan du hyra MTB S\u00e5 h\u00e4r g\u00e5r uthyrning av mountainbike till MTB-uthyrningen finns i en gr\u00e5 tr\u00e4byggnad n\u00e4ra entr\u00e9n till Hellasg\u00e5rden. V\u00e5r uthyrningsverksamhet v\u00e4nder &#8230; <\/p>\n<div><a href=\"https:\/\/hellasgarden.se\/en\/aktiviteter\/mountainbike\/\" class=\"more-link\">Read More<\/a><\/div>","protected":false},"author":1,"featured_media":0,"parent":213,"menu_order":0,"comment_status":"closed","ping_status":"closed","template":"template-blank-4.php","meta":{"_monsterinsights_skip_tracking":false,"_monsterinsights_sitenote_active":false,"_monsterinsights_sitenote_note":"","_monsterinsights_sitenote_category":0},"yoast_head":"<!-- This site is optimized with the Yoast SEO plugin v21.8.1 - https:\/\/yoast.com\/wordpress\/plugins\/seo\/ -->\n<title>Hyra Mountainbike i Stockholm - Hellasg\u00e5rden<\/title>\n<meta name=\"description\" content=\"Hyr mountainbike hos oss p\u00e5 Hellasg\u00e5rden och cykla bland massor av stigar och v\u00e4gar som erbjuder fantastisk natur och olika sv\u00e5righetsgrad.\" \/>\n<meta name=\"robots\" content=\"index, follow, max-snippet:-1, max-image-preview:large, max-video-preview:-1\" \/>\n<link rel=\"canonical\" href=\"https:\/\/hellasgarden.se\/en\/aktiviteter\/mountainbike\/\" \/>\n<meta property=\"og:locale\" content=\"en_GB\" \/>\n<meta property=\"og:type\" content=\"article\" \/>\n<meta property=\"og:title\" content=\"Hyra Mountainbike i Stockholm - Hellasg\u00e5rden\" \/>\n<meta property=\"og:description\" content=\"Hyr mountainbike hos oss p\u00e5 Hellasg\u00e5rden och cykla bland massor av stigar och v\u00e4gar som erbjuder fantastisk natur och olika sv\u00e5righetsgrad.\" \/>\n<meta property=\"og:url\" content=\"https:\/\/hellasgarden.se\/en\/aktiviteter\/mountainbike\/\" \/>\n<meta property=\"og:site_name\" content=\"Hellasg\u00e5rden\" \/>\n<meta property=\"article:modified_time\" content=\"2026-03-26T14:27:38+00:00\" \/>\n<meta property=\"og:image\" content=\"http:\/\/hellasgarden.se\/wp-content\/uploads\/2021\/04\/MTB-scott.png\" \/>\n<meta name=\"twitter:card\" content=\"summary_large_image\" \/>\n<meta name=\"twitter:label1\" content=\"Estimated reading time\" \/>\n\t<meta name=\"twitter:data1\" content=\"7 minutes\" \/>\n<script type=\"application\/ld+json\" class=\"yoast-schema-graph\">{\"@context\":\"https:\/\/schema.org\",\"@graph\":[{\"@type\":\"WebPage\",\"@id\":\"https:\/\/hellasgarden.se\/aktiviteter\/mountainbike\/\",\"url\":\"https:\/\/hellasgarden.se\/aktiviteter\/mountainbike\/\",\"name\":\"Hyra Mountainbike i Stockholm - Hellasg\u00e5rden\",\"isPartOf\":{\"@id\":\"https:\/\/hellasgarden.se\/#website\"},\"datePublished\":\"2018-10-31T10:37:25+00:00\",\"dateModified\":\"2026-03-26T14:27:38+00:00\",\"description\":\"Hyr mountainbike hos oss p\u00e5 Hellasg\u00e5rden och cykla bland massor av stigar och v\u00e4gar som erbjuder fantastisk natur och olika sv\u00e5righetsgrad.\",\"breadcrumb\":{\"@id\":\"https:\/\/hellasgarden.se\/aktiviteter\/mountainbike\/#breadcrumb\"},\"inLanguage\":\"en-GB\",\"potentialAction\":[{\"@type\":\"ReadAction\",\"target\":[\"https:\/\/hellasgarden.se\/aktiviteter\/mountainbike\/\"]}]},{\"@type\":\"BreadcrumbList\",\"@id\":\"https:\/\/hellasgarden.se\/aktiviteter\/mountainbike\/#breadcrumb\",\"itemListElement\":[{\"@type\":\"ListItem\",\"position\":1,\"name\":\"Hem\",\"item\":\"https:\/\/hellasgarden.se\/\"},{\"@type\":\"ListItem\",\"position\":2,\"name\":\"Aktiviteter\",\"item\":\"https:\/\/hellasgarden.se\/aktiviteter\/\"},{\"@type\":\"ListItem\",\"position\":3,\"name\":\"Mountainbike\"}]},{\"@type\":\"WebSite\",\"@id\":\"https:\/\/hellasgarden.se\/#website\",\"url\":\"https:\/\/hellasgarden.se\/\",\"name\":\"Hellasg\u00e5rden\",\"description\":\"Din port till naturen\",\"potentialAction\":[{\"@type\":\"SearchAction\",\"target\":{\"@type\":\"EntryPoint\",\"urlTemplate\":\"https:\/\/hellasgarden.se\/?s={search_term_string}\"},\"query-input\":\"required name=search_term_string\"}],\"inLanguage\":\"en-GB\"}]}<\/script>\n<!-- \/ Yoast SEO plugin. -->","yoast_head_json":{"title":"Hyra Mountainbike i Stockholm - Hellasg\u00e5rden","description":"Hyr mountainbike hos oss p\u00e5 Hellasg\u00e5rden och cykla bland massor av stigar och v\u00e4gar som erbjuder fantastisk natur och olika sv\u00e5righetsgrad.","robots":{"index":"index","follow":"follow","max-snippet":"max-snippet:-1","max-image-preview":"max-image-preview:large","max-video-preview":"max-video-preview:-1"},"canonical":"https:\/\/hellasgarden.se\/en\/aktiviteter\/mountainbike\/","og_locale":"en_GB","og_type":"article","og_title":"Hyra Mountainbike i Stockholm - Hellasg\u00e5rden","og_description":"Hyr mountainbike hos oss p\u00e5 Hellasg\u00e5rden och cykla bland massor av stigar och v\u00e4gar som erbjuder fantastisk natur och olika sv\u00e5righetsgrad.","og_url":"https:\/\/hellasgarden.se\/en\/aktiviteter\/mountainbike\/","og_site_name":"Hellasg\u00e5rden","article_modified_time":"2026-03-26T14:27:38+00:00","og_image":[{"url":"http:\/\/hellasgarden.se\/wp-content\/uploads\/2021\/04\/MTB-scott.png"}],"twitter_card":"summary_large_image","twitter_misc":{"Estimated reading time":"7 minutes"},"schema":{"@context":"https:\/\/schema.org","@graph":[{"@type":"WebPage","@id":"https:\/\/hellasgarden.se\/aktiviteter\/mountainbike\/","url":"https:\/\/hellasgarden.se\/aktiviteter\/mountainbike\/","name":"Hyra Mountainbike i Stockholm - Hellasg\u00e5rden","isPartOf":{"@id":"https:\/\/hellasgarden.se\/#website"},"datePublished":"2018-10-31T10:37:25+00:00","dateModified":"2026-03-26T14:27:38+00:00","description":"Hyr mountainbike hos oss p\u00e5 Hellasg\u00e5rden och cykla bland massor av stigar och v\u00e4gar som erbjuder fantastisk natur och olika sv\u00e5righetsgrad.","breadcrumb":{"@id":"https:\/\/hellasgarden.se\/aktiviteter\/mountainbike\/#breadcrumb"},"inLanguage":"en-GB","potentialAction":[{"@type":"ReadAction","target":["https:\/\/hellasgarden.se\/aktiviteter\/mountainbike\/"]}]},{"@type":"BreadcrumbList","@id":"https:\/\/hellasgarden.se\/aktiviteter\/mountainbike\/#breadcrumb","itemListElement":[{"@type":"ListItem","position":1,"name":"Hem","item":"https:\/\/hellasgarden.se\/"},{"@type":"ListItem","position":2,"name":"Aktiviteter","item":"https:\/\/hellasgarden.se\/aktiviteter\/"},{"@type":"ListItem","position":3,"name":"Mountainbike"}]},{"@type":"WebSite","@id":"https:\/\/hellasgarden.se\/#website","url":"https:\/\/hellasgarden.se\/","name":"Hellasg\u00e5rden","description":"Din port till naturen","potentialAction":[{"@type":"SearchAction","target":{"@type":"EntryPoint","urlTemplate":"https:\/\/hellasgarden.se\/?s={search_term_string}"},"query-input":"required name=search_term_string"}],"inLanguage":"en-GB"}]}},"_links":{"self":[{"href":"https:\/\/hellasgarden.se\/en\/wp-json\/wp\/v2\/pages\/590"}],"collection":[{"href":"https:\/\/hellasgarden.se\/en\/wp-json\/wp\/v2\/pages"}],"about":[{"href":"https:\/\/hellasgarden.se\/en\/wp-json\/wp\/v2\/types\/page"}],"author":[{"embeddable":true,"href":"https:\/\/hellasgarden.se\/en\/wp-json\/wp\/v2\/users\/1"}],"replies":[{"embeddable":true,"href":"https:\/\/hellasgarden.se\/en\/wp-json\/wp\/v2\/comments?post=590"}],"version-history":[{"count":75,"href":"https:\/\/hellasgarden.se\/en\/wp-json\/wp\/v2\/pages\/590\/revisions"}],"predecessor-version":[{"id":46802,"href":"https:\/\/hellasgarden.se\/en\/wp-json\/wp\/v2\/pages\/590\/revisions\/46802"}],"up":[{"embeddable":true,"href":"https:\/\/hellasgarden.se\/en\/wp-json\/wp\/v2\/pages\/213"}],"wp:attachment":[{"href":"https:\/\/hellasgarden.se\/en\/wp-json\/wp\/v2\/media?parent=590"}],"curies":[{"name":"wp","href":"https:\/\/api.w.org\/{rel}","templated":true}]}}