{"id":588,"date":"2018-10-31T11:37:04","date_gmt":"2018-10-31T10:37:04","guid":{"rendered":"http:\/\/hellasgarden.se\/?page_id=588"},"modified":"2022-12-21T09:12:32","modified_gmt":"2022-12-21T08:12:32","slug":"motion","status":"publish","type":"page","link":"https:\/\/hellasgarden.se\/en\/aktiviteter\/motion\/","title":{"rendered":"Motion"},"content":{"rendered":"<div id=\"cs-content\" class=\"cs-content\"><\/div>","protected":false},"excerpt":{"rendered":"<p>Exercise HomeExercise and light trails in Stockholm - there is something for everyone Hellasg\u00e5rden's outdoor facility in Stockholm, Nacka, offers several exercise loops with light trails for those who want to run, cycle or just walk ... <\/p>\n<div><a href=\"https:\/\/hellasgarden.se\/en\/aktiviteter\/motion\/\" class=\"more-link\">Read More<\/a><\/div>","protected":false},"author":1,"featured_media":0,"parent":213,"menu_order":0,"comment_status":"closed","ping_status":"closed","template":"template-blank-4.php","meta":{"_monsterinsights_skip_tracking":false,"_monsterinsights_sitenote_active":false,"_monsterinsights_sitenote_note":"","_monsterinsights_sitenote_category":0},"yoast_head":"<!-- This site is optimized with the Yoast SEO plugin v21.8.1 - https:\/\/yoast.com\/wordpress\/plugins\/seo\/ -->\n<title>Motionssp\u00e5r och elljussp\u00e5r i Stockholm - Hellasg\u00e5rden<\/title>\n<meta name=\"description\" content=\"Hellasg\u00e5rdens friluftsanl\u00e4ggning i Stockholm, Nacka, erbjuder flera motionsslingor med elljussp\u00e5r f\u00f6r dig som vill l\u00f6pa, cykla eller bara promenera i h\u00e4rlig natur och milj\u00f6.\" \/>\n<meta name=\"robots\" content=\"index, follow, max-snippet:-1, max-image-preview:large, max-video-preview:-1\" \/>\n<link rel=\"canonical\" href=\"https:\/\/hellasgarden.se\/en\/aktiviteter\/motion\/\" \/>\n<meta property=\"og:locale\" content=\"en_GB\" \/>\n<meta property=\"og:type\" content=\"article\" \/>\n<meta property=\"og:title\" content=\"Motionssp\u00e5r och elljussp\u00e5r i Stockholm - Hellasg\u00e5rden\" \/>\n<meta property=\"og:description\" content=\"Hellasg\u00e5rdens friluftsanl\u00e4ggning i Stockholm, Nacka, erbjuder flera motionsslingor med elljussp\u00e5r f\u00f6r dig som vill l\u00f6pa, cykla eller bara promenera i h\u00e4rlig natur och milj\u00f6.\" \/>\n<meta property=\"og:url\" content=\"https:\/\/hellasgarden.se\/en\/aktiviteter\/motion\/\" \/>\n<meta property=\"og:site_name\" content=\"Hellasg\u00e5rden\" \/>\n<meta property=\"article:modified_time\" content=\"2022-12-21T08:12:32+00:00\" \/>\n<meta property=\"og:image\" content=\"http:\/\/hellasgarden.se\/wp-content\/uploads\/2022\/08\/spar-routes-hellasgarden.jpg\" \/>\n<meta name=\"twitter:card\" content=\"summary_large_image\" \/>\n<meta name=\"twitter:label1\" content=\"Estimated reading time\" \/>\n\t<meta name=\"twitter:data1\" content=\"2 minutes\" \/>\n<script type=\"application\/ld+json\" class=\"yoast-schema-graph\">{\"@context\":\"https:\/\/schema.org\",\"@graph\":[{\"@type\":\"WebPage\",\"@id\":\"https:\/\/hellasgarden.se\/aktiviteter\/motion\/\",\"url\":\"https:\/\/hellasgarden.se\/aktiviteter\/motion\/\",\"name\":\"Motionssp\u00e5r och elljussp\u00e5r i Stockholm - Hellasg\u00e5rden\",\"isPartOf\":{\"@id\":\"https:\/\/hellasgarden.se\/#website\"},\"datePublished\":\"2018-10-31T10:37:04+00:00\",\"dateModified\":\"2022-12-21T08:12:32+00:00\",\"description\":\"Hellasg\u00e5rdens friluftsanl\u00e4ggning i Stockholm, Nacka, erbjuder flera motionsslingor med elljussp\u00e5r f\u00f6r dig som vill l\u00f6pa, cykla eller bara promenera i h\u00e4rlig natur och milj\u00f6.\",\"breadcrumb\":{\"@id\":\"https:\/\/hellasgarden.se\/aktiviteter\/motion\/#breadcrumb\"},\"inLanguage\":\"en-GB\",\"potentialAction\":[{\"@type\":\"ReadAction\",\"target\":[\"https:\/\/hellasgarden.se\/aktiviteter\/motion\/\"]}]},{\"@type\":\"BreadcrumbList\",\"@id\":\"https:\/\/hellasgarden.se\/aktiviteter\/motion\/#breadcrumb\",\"itemListElement\":[{\"@type\":\"ListItem\",\"position\":1,\"name\":\"Hem\",\"item\":\"https:\/\/hellasgarden.se\/\"},{\"@type\":\"ListItem\",\"position\":2,\"name\":\"Aktiviteter\",\"item\":\"https:\/\/hellasgarden.se\/aktiviteter\/\"},{\"@type\":\"ListItem\",\"position\":3,\"name\":\"Motion\"}]},{\"@type\":\"WebSite\",\"@id\":\"https:\/\/hellasgarden.se\/#website\",\"url\":\"https:\/\/hellasgarden.se\/\",\"name\":\"Hellasg\u00e5rden\",\"description\":\"Din port till naturen\",\"potentialAction\":[{\"@type\":\"SearchAction\",\"target\":{\"@type\":\"EntryPoint\",\"urlTemplate\":\"https:\/\/hellasgarden.se\/?s={search_term_string}\"},\"query-input\":\"required name=search_term_string\"}],\"inLanguage\":\"en-GB\"}]}<\/script>\n<!-- \/ Yoast SEO plugin. -->","yoast_head_json":{"title":"Motionssp\u00e5r och elljussp\u00e5r i Stockholm - Hellasg\u00e5rden","description":"Hellasg\u00e5rdens friluftsanl\u00e4ggning i Stockholm, Nacka, erbjuder flera motionsslingor med elljussp\u00e5r f\u00f6r dig som vill l\u00f6pa, cykla eller bara promenera i h\u00e4rlig natur och milj\u00f6.","robots":{"index":"index","follow":"follow","max-snippet":"max-snippet:-1","max-image-preview":"max-image-preview:large","max-video-preview":"max-video-preview:-1"},"canonical":"https:\/\/hellasgarden.se\/en\/aktiviteter\/motion\/","og_locale":"en_GB","og_type":"article","og_title":"Motionssp\u00e5r och elljussp\u00e5r i Stockholm - Hellasg\u00e5rden","og_description":"Hellasg\u00e5rdens friluftsanl\u00e4ggning i Stockholm, Nacka, erbjuder flera motionsslingor med elljussp\u00e5r f\u00f6r dig som vill l\u00f6pa, cykla eller bara promenera i h\u00e4rlig natur och milj\u00f6.","og_url":"https:\/\/hellasgarden.se\/en\/aktiviteter\/motion\/","og_site_name":"Hellasg\u00e5rden","article_modified_time":"2022-12-21T08:12:32+00:00","og_image":[{"url":"http:\/\/hellasgarden.se\/wp-content\/uploads\/2022\/08\/spar-routes-hellasgarden.jpg"}],"twitter_card":"summary_large_image","twitter_misc":{"Estimated reading time":"2 minutes"},"schema":{"@context":"https:\/\/schema.org","@graph":[{"@type":"WebPage","@id":"https:\/\/hellasgarden.se\/aktiviteter\/motion\/","url":"https:\/\/hellasgarden.se\/aktiviteter\/motion\/","name":"Motionssp\u00e5r och elljussp\u00e5r i Stockholm - Hellasg\u00e5rden","isPartOf":{"@id":"https:\/\/hellasgarden.se\/#website"},"datePublished":"2018-10-31T10:37:04+00:00","dateModified":"2022-12-21T08:12:32+00:00","description":"Hellasg\u00e5rdens friluftsanl\u00e4ggning i Stockholm, Nacka, erbjuder flera motionsslingor med elljussp\u00e5r f\u00f6r dig som vill l\u00f6pa, cykla eller bara promenera i h\u00e4rlig natur och milj\u00f6.","breadcrumb":{"@id":"https:\/\/hellasgarden.se\/aktiviteter\/motion\/#breadcrumb"},"inLanguage":"en-GB","potentialAction":[{"@type":"ReadAction","target":["https:\/\/hellasgarden.se\/aktiviteter\/motion\/"]}]},{"@type":"BreadcrumbList","@id":"https:\/\/hellasgarden.se\/aktiviteter\/motion\/#breadcrumb","itemListElement":[{"@type":"ListItem","position":1,"name":"Hem","item":"https:\/\/hellasgarden.se\/"},{"@type":"ListItem","position":2,"name":"Aktiviteter","item":"https:\/\/hellasgarden.se\/aktiviteter\/"},{"@type":"ListItem","position":3,"name":"Motion"}]},{"@type":"WebSite","@id":"https:\/\/hellasgarden.se\/#website","url":"https:\/\/hellasgarden.se\/","name":"Hellasg\u00e5rden","description":"Din port till naturen","potentialAction":[{"@type":"SearchAction","target":{"@type":"EntryPoint","urlTemplate":"https:\/\/hellasgarden.se\/?s={search_term_string}"},"query-input":"required name=search_term_string"}],"inLanguage":"en-GB"}]}},"_links":{"self":[{"href":"https:\/\/hellasgarden.se\/en\/wp-json\/wp\/v2\/pages\/588"}],"collection":[{"href":"https:\/\/hellasgarden.se\/en\/wp-json\/wp\/v2\/pages"}],"about":[{"href":"https:\/\/hellasgarden.se\/en\/wp-json\/wp\/v2\/types\/page"}],"author":[{"embeddable":true,"href":"https:\/\/hellasgarden.se\/en\/wp-json\/wp\/v2\/users\/1"}],"replies":[{"embeddable":true,"href":"https:\/\/hellasgarden.se\/en\/wp-json\/wp\/v2\/comments?post=588"}],"version-history":[{"count":21,"href":"https:\/\/hellasgarden.se\/en\/wp-json\/wp\/v2\/pages\/588\/revisions"}],"predecessor-version":[{"id":44397,"href":"https:\/\/hellasgarden.se\/en\/wp-json\/wp\/v2\/pages\/588\/revisions\/44397"}],"up":[{"embeddable":true,"href":"https:\/\/hellasgarden.se\/en\/wp-json\/wp\/v2\/pages\/213"}],"wp:attachment":[{"href":"https:\/\/hellasgarden.se\/en\/wp-json\/wp\/v2\/media?parent=588"}],"curies":[{"name":"wp","href":"https:\/\/api.w.org\/{rel}","templated":true}]}}