{"id":583,"date":"2018-10-31T11:35:38","date_gmt":"2018-10-31T10:35:38","guid":{"rendered":"http:\/\/hellasgarden.se\/?page_id=583"},"modified":"2022-09-12T10:36:14","modified_gmt":"2022-09-12T08:36:14","slug":"isvak","status":"publish","type":"page","link":"https:\/\/hellasgarden.se\/en\/aktiviteter\/isvak\/","title":{"rendered":"Isvak"},"content":{"rendered":"<div id=\"cs-content\" class=\"cs-content\"><\/div>","protected":false},"excerpt":{"rendered":"<p>Icevak HomeSwim and cold bathFrom the sauna you go via our patio to the bathing jetty. You can swim there all year round! In winter, we keep the pool open with the help of a pump unit. Be careful on ... <\/p>\n<div><a href=\"https:\/\/hellasgarden.se\/en\/aktiviteter\/isvak\/\" class=\"more-link\">Read More<\/a><\/div>","protected":false},"author":1,"featured_media":0,"parent":213,"menu_order":0,"comment_status":"closed","ping_status":"closed","template":"template-blank-4.php","meta":{"_monsterinsights_skip_tracking":false,"_monsterinsights_sitenote_active":false,"_monsterinsights_sitenote_note":"","_monsterinsights_sitenote_category":0},"yoast_head":"<!-- This site is optimized with the Yoast SEO plugin v21.8.1 - https:\/\/yoast.com\/wordpress\/plugins\/seo\/ -->\n<title>Isvak - Hellasg\u00e5rden<\/title>\n<meta name=\"robots\" content=\"index, follow, max-snippet:-1, max-image-preview:large, max-video-preview:-1\" \/>\n<link rel=\"canonical\" href=\"https:\/\/hellasgarden.se\/en\/aktiviteter\/isvak\/\" \/>\n<meta property=\"og:locale\" content=\"en_GB\" \/>\n<meta property=\"og:type\" content=\"article\" \/>\n<meta property=\"og:title\" content=\"Isvak - Hellasg\u00e5rden\" \/>\n<meta property=\"og:description\" content=\"Isvak&nbsp;HemIsvak och kallbadFr\u00e5n bastun g\u00e5r du via v\u00e5r uteplats till badbryggan. D\u00e4r kan du bada \u00e5ret om! Vintertid h\u00e5ller vi vaken \u00f6ppen med hj\u00e4lp av ett pumpaggregat. Var f\u00f6rsiktig p\u00e5 ... Read More\" \/>\n<meta property=\"og:url\" content=\"https:\/\/hellasgarden.se\/en\/aktiviteter\/isvak\/\" \/>\n<meta property=\"og:site_name\" content=\"Hellasg\u00e5rden\" \/>\n<meta property=\"article:modified_time\" content=\"2022-09-12T08:36:14+00:00\" \/>\n<meta name=\"twitter:card\" content=\"summary_large_image\" \/>\n<meta name=\"twitter:label1\" content=\"Estimated reading time\" \/>\n\t<meta name=\"twitter:data1\" content=\"1 minute\" \/>\n<script type=\"application\/ld+json\" class=\"yoast-schema-graph\">{\"@context\":\"https:\/\/schema.org\",\"@graph\":[{\"@type\":\"WebPage\",\"@id\":\"https:\/\/hellasgarden.se\/en\/aktiviteter\/isvak\/\",\"url\":\"https:\/\/hellasgarden.se\/en\/aktiviteter\/isvak\/\",\"name\":\"Isvak - Hellasg\u00e5rden\",\"isPartOf\":{\"@id\":\"https:\/\/hellasgarden.se\/#website\"},\"datePublished\":\"2018-10-31T10:35:38+00:00\",\"dateModified\":\"2022-09-12T08:36:14+00:00\",\"breadcrumb\":{\"@id\":\"https:\/\/hellasgarden.se\/en\/aktiviteter\/isvak\/#breadcrumb\"},\"inLanguage\":\"en-GB\",\"potentialAction\":[{\"@type\":\"ReadAction\",\"target\":[\"https:\/\/hellasgarden.se\/en\/aktiviteter\/isvak\/\"]}]},{\"@type\":\"BreadcrumbList\",\"@id\":\"https:\/\/hellasgarden.se\/en\/aktiviteter\/isvak\/#breadcrumb\",\"itemListElement\":[{\"@type\":\"ListItem\",\"position\":1,\"name\":\"Hem\",\"item\":\"https:\/\/hellasgarden.se\/\"},{\"@type\":\"ListItem\",\"position\":2,\"name\":\"Aktiviteter\",\"item\":\"https:\/\/hellasgarden.se\/aktiviteter\/\"},{\"@type\":\"ListItem\",\"position\":3,\"name\":\"Isvak\"}]},{\"@type\":\"WebSite\",\"@id\":\"https:\/\/hellasgarden.se\/#website\",\"url\":\"https:\/\/hellasgarden.se\/\",\"name\":\"Hellasg\u00e5rden\",\"description\":\"Din port till naturen\",\"potentialAction\":[{\"@type\":\"SearchAction\",\"target\":{\"@type\":\"EntryPoint\",\"urlTemplate\":\"https:\/\/hellasgarden.se\/?s={search_term_string}\"},\"query-input\":\"required name=search_term_string\"}],\"inLanguage\":\"en-GB\"}]}<\/script>\n<!-- \/ Yoast SEO plugin. -->","yoast_head_json":{"title":"Isvak - Hellasg\u00e5rden","robots":{"index":"index","follow":"follow","max-snippet":"max-snippet:-1","max-image-preview":"max-image-preview:large","max-video-preview":"max-video-preview:-1"},"canonical":"https:\/\/hellasgarden.se\/en\/aktiviteter\/isvak\/","og_locale":"en_GB","og_type":"article","og_title":"Isvak - Hellasg\u00e5rden","og_description":"Isvak&nbsp;HemIsvak och kallbadFr\u00e5n bastun g\u00e5r du via v\u00e5r uteplats till badbryggan. D\u00e4r kan du bada \u00e5ret om! Vintertid h\u00e5ller vi vaken \u00f6ppen med hj\u00e4lp av ett pumpaggregat. Var f\u00f6rsiktig p\u00e5 ... Read More","og_url":"https:\/\/hellasgarden.se\/en\/aktiviteter\/isvak\/","og_site_name":"Hellasg\u00e5rden","article_modified_time":"2022-09-12T08:36:14+00:00","twitter_card":"summary_large_image","twitter_misc":{"Estimated reading time":"1 minute"},"schema":{"@context":"https:\/\/schema.org","@graph":[{"@type":"WebPage","@id":"https:\/\/hellasgarden.se\/en\/aktiviteter\/isvak\/","url":"https:\/\/hellasgarden.se\/en\/aktiviteter\/isvak\/","name":"Isvak - Hellasg\u00e5rden","isPartOf":{"@id":"https:\/\/hellasgarden.se\/#website"},"datePublished":"2018-10-31T10:35:38+00:00","dateModified":"2022-09-12T08:36:14+00:00","breadcrumb":{"@id":"https:\/\/hellasgarden.se\/en\/aktiviteter\/isvak\/#breadcrumb"},"inLanguage":"en-GB","potentialAction":[{"@type":"ReadAction","target":["https:\/\/hellasgarden.se\/en\/aktiviteter\/isvak\/"]}]},{"@type":"BreadcrumbList","@id":"https:\/\/hellasgarden.se\/en\/aktiviteter\/isvak\/#breadcrumb","itemListElement":[{"@type":"ListItem","position":1,"name":"Hem","item":"https:\/\/hellasgarden.se\/"},{"@type":"ListItem","position":2,"name":"Aktiviteter","item":"https:\/\/hellasgarden.se\/aktiviteter\/"},{"@type":"ListItem","position":3,"name":"Isvak"}]},{"@type":"WebSite","@id":"https:\/\/hellasgarden.se\/#website","url":"https:\/\/hellasgarden.se\/","name":"Hellasg\u00e5rden","description":"Din port till naturen","potentialAction":[{"@type":"SearchAction","target":{"@type":"EntryPoint","urlTemplate":"https:\/\/hellasgarden.se\/?s={search_term_string}"},"query-input":"required name=search_term_string"}],"inLanguage":"en-GB"}]}},"_links":{"self":[{"href":"https:\/\/hellasgarden.se\/en\/wp-json\/wp\/v2\/pages\/583"}],"collection":[{"href":"https:\/\/hellasgarden.se\/en\/wp-json\/wp\/v2\/pages"}],"about":[{"href":"https:\/\/hellasgarden.se\/en\/wp-json\/wp\/v2\/types\/page"}],"author":[{"embeddable":true,"href":"https:\/\/hellasgarden.se\/en\/wp-json\/wp\/v2\/users\/1"}],"replies":[{"embeddable":true,"href":"https:\/\/hellasgarden.se\/en\/wp-json\/wp\/v2\/comments?post=583"}],"version-history":[{"count":8,"href":"https:\/\/hellasgarden.se\/en\/wp-json\/wp\/v2\/pages\/583\/revisions"}],"predecessor-version":[{"id":44024,"href":"https:\/\/hellasgarden.se\/en\/wp-json\/wp\/v2\/pages\/583\/revisions\/44024"}],"up":[{"embeddable":true,"href":"https:\/\/hellasgarden.se\/en\/wp-json\/wp\/v2\/pages\/213"}],"wp:attachment":[{"href":"https:\/\/hellasgarden.se\/en\/wp-json\/wp\/v2\/media?parent=583"}],"curies":[{"name":"wp","href":"https:\/\/api.w.org\/{rel}","templated":true}]}}