{"id":581,"date":"2018-10-31T11:35:18","date_gmt":"2018-10-31T10:35:18","guid":{"rendered":"http:\/\/hellasgarden.se\/?page_id=581"},"modified":"2024-08-22T09:44:57","modified_gmt":"2024-08-22T07:44:57","slug":"utomhusgym-nacka","status":"publish","type":"page","link":"https:\/\/hellasgarden.se\/en\/aktiviteter\/utomhusgym-nacka\/","title":{"rendered":"Outdoor gym"},"content":{"rendered":"<div id=\"cs-content\" class=\"cs-content\"><\/div>","protected":false},"excerpt":{"rendered":"<p>Outdoor gym HomeOutdoor gym in Nacka Hellasg\u00e5rden's outdoor gym offers several opportunities for exercise. The outdoor gym is located at the start of the light trail and close to the sauna and fitness centre. Easily accessible outdoor gym in the middle of nature in Nacka\/Stockholm Here ... <\/p>\n<div><a href=\"https:\/\/hellasgarden.se\/en\/aktiviteter\/utomhusgym-nacka\/\" class=\"more-link\">Read More<\/a><\/div>","protected":false},"author":1,"featured_media":0,"parent":213,"menu_order":0,"comment_status":"closed","ping_status":"closed","template":"template-blank-4.php","meta":{"_monsterinsights_skip_tracking":false,"_monsterinsights_sitenote_active":false,"_monsterinsights_sitenote_note":"","_monsterinsights_sitenote_category":0},"yoast_head":"<!-- This site is optimized with the Yoast SEO plugin v21.8.1 - https:\/\/yoast.com\/wordpress\/plugins\/seo\/ -->\n<title>Utomhusgym i natursk\u00f6na Nacka - Hellasg\u00e5rden<\/title>\n<meta name=\"description\" content=\"H\u00e4r kan du tr\u00e4na med utsikt \u00f6ver K\u00e4lltorpssj\u00f6n och den omgivande skogen. V\u00e5rt utomhusgym i Nacka \u00e4r sj\u00e4lvklart gratis att bes\u00f6ka.\" \/>\n<meta name=\"robots\" content=\"index, follow, max-snippet:-1, max-image-preview:large, max-video-preview:-1\" \/>\n<link rel=\"canonical\" href=\"https:\/\/hellasgarden.se\/en\/aktiviteter\/utomhusgym-nacka\/\" \/>\n<meta property=\"og:locale\" content=\"en_GB\" \/>\n<meta property=\"og:type\" content=\"article\" \/>\n<meta property=\"og:title\" content=\"Utomhusgym i natursk\u00f6na Nacka - Hellasg\u00e5rden\" \/>\n<meta property=\"og:description\" content=\"H\u00e4r kan du tr\u00e4na med utsikt \u00f6ver K\u00e4lltorpssj\u00f6n och den omgivande skogen. V\u00e5rt utomhusgym i Nacka \u00e4r sj\u00e4lvklart gratis att bes\u00f6ka.\" \/>\n<meta property=\"og:url\" content=\"https:\/\/hellasgarden.se\/en\/aktiviteter\/utomhusgym-nacka\/\" \/>\n<meta property=\"og:site_name\" content=\"Hellasg\u00e5rden\" \/>\n<meta property=\"article:modified_time\" content=\"2024-08-22T07:44:57+00:00\" \/>\n<meta name=\"twitter:card\" content=\"summary_large_image\" \/>\n<meta name=\"twitter:label1\" content=\"Estimated reading time\" \/>\n\t<meta name=\"twitter:data1\" content=\"2 minutes\" \/>\n<script type=\"application\/ld+json\" class=\"yoast-schema-graph\">{\"@context\":\"https:\/\/schema.org\",\"@graph\":[{\"@type\":\"WebPage\",\"@id\":\"https:\/\/hellasgarden.se\/ru\/aktiviteter\/utomhusgym-nacka\/\",\"url\":\"https:\/\/hellasgarden.se\/ru\/aktiviteter\/utomhusgym-nacka\/\",\"name\":\"Utomhusgym i natursk\u00f6na Nacka - Hellasg\u00e5rden\",\"isPartOf\":{\"@id\":\"https:\/\/hellasgarden.se\/#website\"},\"datePublished\":\"2018-10-31T10:35:18+00:00\",\"dateModified\":\"2024-08-22T07:44:57+00:00\",\"description\":\"H\u00e4r kan du tr\u00e4na med utsikt \u00f6ver K\u00e4lltorpssj\u00f6n och den omgivande skogen. V\u00e5rt utomhusgym i Nacka \u00e4r sj\u00e4lvklart gratis att bes\u00f6ka.\",\"breadcrumb\":{\"@id\":\"https:\/\/hellasgarden.se\/ru\/aktiviteter\/utomhusgym-nacka\/#breadcrumb\"},\"inLanguage\":\"en-GB\",\"potentialAction\":[{\"@type\":\"ReadAction\",\"target\":[\"https:\/\/hellasgarden.se\/ru\/aktiviteter\/utomhusgym-nacka\/\"]}]},{\"@type\":\"BreadcrumbList\",\"@id\":\"https:\/\/hellasgarden.se\/ru\/aktiviteter\/utomhusgym-nacka\/#breadcrumb\",\"itemListElement\":[{\"@type\":\"ListItem\",\"position\":1,\"name\":\"Hem\",\"item\":\"https:\/\/hellasgarden.se\/\"},{\"@type\":\"ListItem\",\"position\":2,\"name\":\"Aktiviteter\",\"item\":\"https:\/\/hellasgarden.se\/aktiviteter\/\"},{\"@type\":\"ListItem\",\"position\":3,\"name\":\"Utomhusgym\"}]},{\"@type\":\"WebSite\",\"@id\":\"https:\/\/hellasgarden.se\/#website\",\"url\":\"https:\/\/hellasgarden.se\/\",\"name\":\"Hellasg\u00e5rden\",\"description\":\"Din port till naturen\",\"potentialAction\":[{\"@type\":\"SearchAction\",\"target\":{\"@type\":\"EntryPoint\",\"urlTemplate\":\"https:\/\/hellasgarden.se\/?s={search_term_string}\"},\"query-input\":\"required name=search_term_string\"}],\"inLanguage\":\"en-GB\"}]}<\/script>\n<!-- \/ Yoast SEO plugin. -->","yoast_head_json":{"title":"Utomhusgym i natursk\u00f6na Nacka - Hellasg\u00e5rden","description":"H\u00e4r kan du tr\u00e4na med utsikt \u00f6ver K\u00e4lltorpssj\u00f6n och den omgivande skogen. V\u00e5rt utomhusgym i Nacka \u00e4r sj\u00e4lvklart gratis att bes\u00f6ka.","robots":{"index":"index","follow":"follow","max-snippet":"max-snippet:-1","max-image-preview":"max-image-preview:large","max-video-preview":"max-video-preview:-1"},"canonical":"https:\/\/hellasgarden.se\/en\/aktiviteter\/utomhusgym-nacka\/","og_locale":"en_GB","og_type":"article","og_title":"Utomhusgym i natursk\u00f6na Nacka - Hellasg\u00e5rden","og_description":"H\u00e4r kan du tr\u00e4na med utsikt \u00f6ver K\u00e4lltorpssj\u00f6n och den omgivande skogen. V\u00e5rt utomhusgym i Nacka \u00e4r sj\u00e4lvklart gratis att bes\u00f6ka.","og_url":"https:\/\/hellasgarden.se\/en\/aktiviteter\/utomhusgym-nacka\/","og_site_name":"Hellasg\u00e5rden","article_modified_time":"2024-08-22T07:44:57+00:00","twitter_card":"summary_large_image","twitter_misc":{"Estimated reading time":"2 minutes"},"schema":{"@context":"https:\/\/schema.org","@graph":[{"@type":"WebPage","@id":"https:\/\/hellasgarden.se\/ru\/aktiviteter\/utomhusgym-nacka\/","url":"https:\/\/hellasgarden.se\/ru\/aktiviteter\/utomhusgym-nacka\/","name":"Utomhusgym i natursk\u00f6na Nacka - Hellasg\u00e5rden","isPartOf":{"@id":"https:\/\/hellasgarden.se\/#website"},"datePublished":"2018-10-31T10:35:18+00:00","dateModified":"2024-08-22T07:44:57+00:00","description":"H\u00e4r kan du tr\u00e4na med utsikt \u00f6ver K\u00e4lltorpssj\u00f6n och den omgivande skogen. V\u00e5rt utomhusgym i Nacka \u00e4r sj\u00e4lvklart gratis att bes\u00f6ka.","breadcrumb":{"@id":"https:\/\/hellasgarden.se\/ru\/aktiviteter\/utomhusgym-nacka\/#breadcrumb"},"inLanguage":"en-GB","potentialAction":[{"@type":"ReadAction","target":["https:\/\/hellasgarden.se\/ru\/aktiviteter\/utomhusgym-nacka\/"]}]},{"@type":"BreadcrumbList","@id":"https:\/\/hellasgarden.se\/ru\/aktiviteter\/utomhusgym-nacka\/#breadcrumb","itemListElement":[{"@type":"ListItem","position":1,"name":"Hem","item":"https:\/\/hellasgarden.se\/"},{"@type":"ListItem","position":2,"name":"Aktiviteter","item":"https:\/\/hellasgarden.se\/aktiviteter\/"},{"@type":"ListItem","position":3,"name":"Utomhusgym"}]},{"@type":"WebSite","@id":"https:\/\/hellasgarden.se\/#website","url":"https:\/\/hellasgarden.se\/","name":"Hellasg\u00e5rden","description":"Din port till naturen","potentialAction":[{"@type":"SearchAction","target":{"@type":"EntryPoint","urlTemplate":"https:\/\/hellasgarden.se\/?s={search_term_string}"},"query-input":"required name=search_term_string"}],"inLanguage":"en-GB"}]}},"_links":{"self":[{"href":"https:\/\/hellasgarden.se\/en\/wp-json\/wp\/v2\/pages\/581"}],"collection":[{"href":"https:\/\/hellasgarden.se\/en\/wp-json\/wp\/v2\/pages"}],"about":[{"href":"https:\/\/hellasgarden.se\/en\/wp-json\/wp\/v2\/types\/page"}],"author":[{"embeddable":true,"href":"https:\/\/hellasgarden.se\/en\/wp-json\/wp\/v2\/users\/1"}],"replies":[{"embeddable":true,"href":"https:\/\/hellasgarden.se\/en\/wp-json\/wp\/v2\/comments?post=581"}],"version-history":[{"count":29,"href":"https:\/\/hellasgarden.se\/en\/wp-json\/wp\/v2\/pages\/581\/revisions"}],"predecessor-version":[{"id":45752,"href":"https:\/\/hellasgarden.se\/en\/wp-json\/wp\/v2\/pages\/581\/revisions\/45752"}],"up":[{"embeddable":true,"href":"https:\/\/hellasgarden.se\/en\/wp-json\/wp\/v2\/pages\/213"}],"wp:attachment":[{"href":"https:\/\/hellasgarden.se\/en\/wp-json\/wp\/v2\/media?parent=581"}],"curies":[{"name":"wp","href":"https:\/\/api.w.org\/{rel}","templated":true}]}}