{"id":567,"date":"2018-10-31T11:32:15","date_gmt":"2018-10-31T10:32:15","guid":{"rendered":"http:\/\/hellasgarden.se\/?page_id=567"},"modified":"2024-08-23T13:22:01","modified_gmt":"2024-08-23T11:22:01","slug":"beachvolleyboll","status":"publish","type":"page","link":"https:\/\/hellasgarden.se\/en\/aktiviteter\/beachvolleyboll\/","title":{"rendered":"Beach volleyball"},"content":{"rendered":"<div id=\"cs-content\" class=\"cs-content\"><\/div>","protected":false},"excerpt":{"rendered":"<p>Beach volleyball HomePlay beach volleyball with your friends! You can book the beach volleyball court using the button on the right At Hellasg\u00e5rden you can play beach volleyball. We are open every day and we only take pre-bookings online.  Price: 320 ... <\/p>\n<div><a href=\"https:\/\/hellasgarden.se\/en\/aktiviteter\/beachvolleyboll\/\" class=\"more-link\">Read More<\/a><\/div>","protected":false},"author":1,"featured_media":0,"parent":213,"menu_order":0,"comment_status":"closed","ping_status":"closed","template":"template-blank-4.php","meta":{"_monsterinsights_skip_tracking":false,"_monsterinsights_sitenote_active":false,"_monsterinsights_sitenote_note":"","_monsterinsights_sitenote_category":0},"yoast_head":"<!-- This site is optimized with the Yoast SEO plugin v21.8.1 - https:\/\/yoast.com\/wordpress\/plugins\/seo\/ -->\n<title>Beachvolleyboll - Hellasg\u00e5rden<\/title>\n<meta name=\"robots\" content=\"index, follow, max-snippet:-1, max-image-preview:large, max-video-preview:-1\" \/>\n<link rel=\"canonical\" href=\"https:\/\/hellasgarden.se\/en\/aktiviteter\/beachvolleyboll\/\" \/>\n<meta property=\"og:locale\" content=\"en_GB\" \/>\n<meta property=\"og:type\" content=\"article\" \/>\n<meta property=\"og:title\" content=\"Beachvolleyboll - Hellasg\u00e5rden\" \/>\n<meta property=\"og:description\" content=\"Beachvolleyboll&nbsp;HemSpela beachvolleyboll med dina v\u00e4nner!Beachvolleybollplanen bokar du p&aring; knappen till h&ouml;ger P\u00e5 Hellasg\u00e5rden kan du spela beachvolleyboll. Vi har \u00f6ppet varje dag och vi tar enbart f\u00f6rbokningar online.\u00a0 Pris: 320 ... Read More\" \/>\n<meta property=\"og:url\" content=\"https:\/\/hellasgarden.se\/en\/aktiviteter\/beachvolleyboll\/\" \/>\n<meta property=\"og:site_name\" content=\"Hellasg\u00e5rden\" \/>\n<meta property=\"article:modified_time\" content=\"2024-08-23T11:22:01+00:00\" \/>\n<meta name=\"twitter:card\" content=\"summary_large_image\" \/>\n<meta name=\"twitter:label1\" content=\"Estimated reading time\" \/>\n\t<meta name=\"twitter:data1\" content=\"2 minutes\" \/>\n<script type=\"application\/ld+json\" class=\"yoast-schema-graph\">{\"@context\":\"https:\/\/schema.org\",\"@graph\":[{\"@type\":\"WebPage\",\"@id\":\"https:\/\/hellasgarden.se\/aktiviteter\/beachvolleyboll\/\",\"url\":\"https:\/\/hellasgarden.se\/aktiviteter\/beachvolleyboll\/\",\"name\":\"Beachvolleyboll - Hellasg\u00e5rden\",\"isPartOf\":{\"@id\":\"https:\/\/hellasgarden.se\/#website\"},\"datePublished\":\"2018-10-31T10:32:15+00:00\",\"dateModified\":\"2024-08-23T11:22:01+00:00\",\"breadcrumb\":{\"@id\":\"https:\/\/hellasgarden.se\/aktiviteter\/beachvolleyboll\/#breadcrumb\"},\"inLanguage\":\"en-GB\",\"potentialAction\":[{\"@type\":\"ReadAction\",\"target\":[\"https:\/\/hellasgarden.se\/aktiviteter\/beachvolleyboll\/\"]}]},{\"@type\":\"BreadcrumbList\",\"@id\":\"https:\/\/hellasgarden.se\/aktiviteter\/beachvolleyboll\/#breadcrumb\",\"itemListElement\":[{\"@type\":\"ListItem\",\"position\":1,\"name\":\"Hem\",\"item\":\"https:\/\/hellasgarden.se\/\"},{\"@type\":\"ListItem\",\"position\":2,\"name\":\"Aktiviteter\",\"item\":\"https:\/\/hellasgarden.se\/aktiviteter\/\"},{\"@type\":\"ListItem\",\"position\":3,\"name\":\"Beachvolleyboll\"}]},{\"@type\":\"WebSite\",\"@id\":\"https:\/\/hellasgarden.se\/#website\",\"url\":\"https:\/\/hellasgarden.se\/\",\"name\":\"Hellasg\u00e5rden\",\"description\":\"Din port till naturen\",\"potentialAction\":[{\"@type\":\"SearchAction\",\"target\":{\"@type\":\"EntryPoint\",\"urlTemplate\":\"https:\/\/hellasgarden.se\/?s={search_term_string}\"},\"query-input\":\"required name=search_term_string\"}],\"inLanguage\":\"en-GB\"}]}<\/script>\n<!-- \/ Yoast SEO plugin. -->","yoast_head_json":{"title":"Beachvolleyboll - Hellasg\u00e5rden","robots":{"index":"index","follow":"follow","max-snippet":"max-snippet:-1","max-image-preview":"max-image-preview:large","max-video-preview":"max-video-preview:-1"},"canonical":"https:\/\/hellasgarden.se\/en\/aktiviteter\/beachvolleyboll\/","og_locale":"en_GB","og_type":"article","og_title":"Beachvolleyboll - Hellasg\u00e5rden","og_description":"Beachvolleyboll&nbsp;HemSpela beachvolleyboll med dina v\u00e4nner!Beachvolleybollplanen bokar du p&aring; knappen till h&ouml;ger P\u00e5 Hellasg\u00e5rden kan du spela beachvolleyboll. Vi har \u00f6ppet varje dag och vi tar enbart f\u00f6rbokningar online.\u00a0 Pris: 320 ... Read More","og_url":"https:\/\/hellasgarden.se\/en\/aktiviteter\/beachvolleyboll\/","og_site_name":"Hellasg\u00e5rden","article_modified_time":"2024-08-23T11:22:01+00:00","twitter_card":"summary_large_image","twitter_misc":{"Estimated reading time":"2 minutes"},"schema":{"@context":"https:\/\/schema.org","@graph":[{"@type":"WebPage","@id":"https:\/\/hellasgarden.se\/aktiviteter\/beachvolleyboll\/","url":"https:\/\/hellasgarden.se\/aktiviteter\/beachvolleyboll\/","name":"Beachvolleyboll - Hellasg\u00e5rden","isPartOf":{"@id":"https:\/\/hellasgarden.se\/#website"},"datePublished":"2018-10-31T10:32:15+00:00","dateModified":"2024-08-23T11:22:01+00:00","breadcrumb":{"@id":"https:\/\/hellasgarden.se\/aktiviteter\/beachvolleyboll\/#breadcrumb"},"inLanguage":"en-GB","potentialAction":[{"@type":"ReadAction","target":["https:\/\/hellasgarden.se\/aktiviteter\/beachvolleyboll\/"]}]},{"@type":"BreadcrumbList","@id":"https:\/\/hellasgarden.se\/aktiviteter\/beachvolleyboll\/#breadcrumb","itemListElement":[{"@type":"ListItem","position":1,"name":"Hem","item":"https:\/\/hellasgarden.se\/"},{"@type":"ListItem","position":2,"name":"Aktiviteter","item":"https:\/\/hellasgarden.se\/aktiviteter\/"},{"@type":"ListItem","position":3,"name":"Beachvolleyboll"}]},{"@type":"WebSite","@id":"https:\/\/hellasgarden.se\/#website","url":"https:\/\/hellasgarden.se\/","name":"Hellasg\u00e5rden","description":"Din port till naturen","potentialAction":[{"@type":"SearchAction","target":{"@type":"EntryPoint","urlTemplate":"https:\/\/hellasgarden.se\/?s={search_term_string}"},"query-input":"required name=search_term_string"}],"inLanguage":"en-GB"}]}},"_links":{"self":[{"href":"https:\/\/hellasgarden.se\/en\/wp-json\/wp\/v2\/pages\/567"}],"collection":[{"href":"https:\/\/hellasgarden.se\/en\/wp-json\/wp\/v2\/pages"}],"about":[{"href":"https:\/\/hellasgarden.se\/en\/wp-json\/wp\/v2\/types\/page"}],"author":[{"embeddable":true,"href":"https:\/\/hellasgarden.se\/en\/wp-json\/wp\/v2\/users\/1"}],"replies":[{"embeddable":true,"href":"https:\/\/hellasgarden.se\/en\/wp-json\/wp\/v2\/comments?post=567"}],"version-history":[{"count":56,"href":"https:\/\/hellasgarden.se\/en\/wp-json\/wp\/v2\/pages\/567\/revisions"}],"predecessor-version":[{"id":44980,"href":"https:\/\/hellasgarden.se\/en\/wp-json\/wp\/v2\/pages\/567\/revisions\/44980"}],"up":[{"embeddable":true,"href":"https:\/\/hellasgarden.se\/en\/wp-json\/wp\/v2\/pages\/213"}],"wp:attachment":[{"href":"https:\/\/hellasgarden.se\/en\/wp-json\/wp\/v2\/media?parent=567"}],"curies":[{"name":"wp","href":"https:\/\/api.w.org\/{rel}","templated":true}]}}