{"id":565,"date":"2018-10-31T11:31:28","date_gmt":"2018-10-31T10:31:28","guid":{"rendered":"http:\/\/hellasgarden.se\/?page_id=565"},"modified":"2025-12-01T10:08:10","modified_gmt":"2025-12-01T09:08:10","slug":"minigolf","status":"publish","type":"page","link":"https:\/\/hellasgarden.se\/en\/aktiviteter\/minigolf\/","title":{"rendered":"Minigolf\/Bangolf"},"content":{"rendered":"<div id=\"cs-content\" class=\"cs-content\"><\/div>","protected":false},"excerpt":{"rendered":"<p>BangolfHemMinigolf in Nacka - classic games for small and large groups(2025-12-01) We have closed for the season and are now carrying out some renovation.  Feel free to try our bangolf of unpretentious, classic design ... <\/p>\n<div><a href=\"https:\/\/hellasgarden.se\/en\/aktiviteter\/minigolf\/\" class=\"more-link\">Read More<\/a><\/div>","protected":false},"author":1,"featured_media":0,"parent":213,"menu_order":0,"comment_status":"closed","ping_status":"closed","template":"template-blank-4.php","meta":{"_monsterinsights_skip_tracking":false,"_monsterinsights_sitenote_active":false,"_monsterinsights_sitenote_note":"","_monsterinsights_sitenote_category":0},"yoast_head":"<!-- This site is optimized with the Yoast SEO plugin v21.8.1 - https:\/\/yoast.com\/wordpress\/plugins\/seo\/ -->\n<title>Minigolf i natursk\u00f6na Nacka - Hellasg\u00e5rden<\/title>\n<meta name=\"description\" content=\"Ta med en v\u00e4n, familjen eller kollegorna och spela en runda minigolf p\u00e5 v\u00e5r fina, nyrenoverade 18-h\u00e5ls minigolfbana p\u00e5 Hellasg\u00e5rden i Nacka.\" \/>\n<meta name=\"robots\" content=\"index, follow, max-snippet:-1, max-image-preview:large, max-video-preview:-1\" \/>\n<link rel=\"canonical\" href=\"https:\/\/hellasgarden.se\/en\/aktiviteter\/minigolf\/\" \/>\n<meta property=\"og:locale\" content=\"en_GB\" \/>\n<meta property=\"og:type\" content=\"article\" \/>\n<meta property=\"og:title\" content=\"Minigolf i natursk\u00f6na Nacka - Hellasg\u00e5rden\" \/>\n<meta property=\"og:description\" content=\"Ta med en v\u00e4n, familjen eller kollegorna och spela en runda minigolf p\u00e5 v\u00e5r fina, nyrenoverade 18-h\u00e5ls minigolfbana p\u00e5 Hellasg\u00e5rden i Nacka.\" \/>\n<meta property=\"og:url\" content=\"https:\/\/hellasgarden.se\/en\/aktiviteter\/minigolf\/\" \/>\n<meta property=\"og:site_name\" content=\"Hellasg\u00e5rden\" \/>\n<meta property=\"article:modified_time\" content=\"2025-12-01T09:08:10+00:00\" \/>\n<meta name=\"twitter:card\" content=\"summary_large_image\" \/>\n<meta name=\"twitter:label1\" content=\"Estimated reading time\" \/>\n\t<meta name=\"twitter:data1\" content=\"2 minutes\" \/>\n<script type=\"application\/ld+json\" class=\"yoast-schema-graph\">{\"@context\":\"https:\/\/schema.org\",\"@graph\":[{\"@type\":\"WebPage\",\"@id\":\"https:\/\/hellasgarden.se\/aktiviteter\/minigolf\/\",\"url\":\"https:\/\/hellasgarden.se\/aktiviteter\/minigolf\/\",\"name\":\"Minigolf i natursk\u00f6na Nacka - Hellasg\u00e5rden\",\"isPartOf\":{\"@id\":\"https:\/\/hellasgarden.se\/#website\"},\"datePublished\":\"2018-10-31T10:31:28+00:00\",\"dateModified\":\"2025-12-01T09:08:10+00:00\",\"description\":\"Ta med en v\u00e4n, familjen eller kollegorna och spela en runda minigolf p\u00e5 v\u00e5r fina, nyrenoverade 18-h\u00e5ls minigolfbana p\u00e5 Hellasg\u00e5rden i Nacka.\",\"breadcrumb\":{\"@id\":\"https:\/\/hellasgarden.se\/aktiviteter\/minigolf\/#breadcrumb\"},\"inLanguage\":\"en-GB\",\"potentialAction\":[{\"@type\":\"ReadAction\",\"target\":[\"https:\/\/hellasgarden.se\/aktiviteter\/minigolf\/\"]}]},{\"@type\":\"BreadcrumbList\",\"@id\":\"https:\/\/hellasgarden.se\/aktiviteter\/minigolf\/#breadcrumb\",\"itemListElement\":[{\"@type\":\"ListItem\",\"position\":1,\"name\":\"Hem\",\"item\":\"https:\/\/hellasgarden.se\/\"},{\"@type\":\"ListItem\",\"position\":2,\"name\":\"Aktiviteter\",\"item\":\"https:\/\/hellasgarden.se\/aktiviteter\/\"},{\"@type\":\"ListItem\",\"position\":3,\"name\":\"Minigolf\/Bangolf\"}]},{\"@type\":\"WebSite\",\"@id\":\"https:\/\/hellasgarden.se\/#website\",\"url\":\"https:\/\/hellasgarden.se\/\",\"name\":\"Hellasg\u00e5rden\",\"description\":\"Din port till naturen\",\"potentialAction\":[{\"@type\":\"SearchAction\",\"target\":{\"@type\":\"EntryPoint\",\"urlTemplate\":\"https:\/\/hellasgarden.se\/?s={search_term_string}\"},\"query-input\":\"required name=search_term_string\"}],\"inLanguage\":\"en-GB\"}]}<\/script>\n<!-- \/ Yoast SEO plugin. -->","yoast_head_json":{"title":"Minigolf i natursk\u00f6na Nacka - Hellasg\u00e5rden","description":"Ta med en v\u00e4n, familjen eller kollegorna och spela en runda minigolf p\u00e5 v\u00e5r fina, nyrenoverade 18-h\u00e5ls minigolfbana p\u00e5 Hellasg\u00e5rden i Nacka.","robots":{"index":"index","follow":"follow","max-snippet":"max-snippet:-1","max-image-preview":"max-image-preview:large","max-video-preview":"max-video-preview:-1"},"canonical":"https:\/\/hellasgarden.se\/en\/aktiviteter\/minigolf\/","og_locale":"en_GB","og_type":"article","og_title":"Minigolf i natursk\u00f6na Nacka - Hellasg\u00e5rden","og_description":"Ta med en v\u00e4n, familjen eller kollegorna och spela en runda minigolf p\u00e5 v\u00e5r fina, nyrenoverade 18-h\u00e5ls minigolfbana p\u00e5 Hellasg\u00e5rden i Nacka.","og_url":"https:\/\/hellasgarden.se\/en\/aktiviteter\/minigolf\/","og_site_name":"Hellasg\u00e5rden","article_modified_time":"2025-12-01T09:08:10+00:00","twitter_card":"summary_large_image","twitter_misc":{"Estimated reading time":"2 minutes"},"schema":{"@context":"https:\/\/schema.org","@graph":[{"@type":"WebPage","@id":"https:\/\/hellasgarden.se\/aktiviteter\/minigolf\/","url":"https:\/\/hellasgarden.se\/aktiviteter\/minigolf\/","name":"Minigolf i natursk\u00f6na Nacka - Hellasg\u00e5rden","isPartOf":{"@id":"https:\/\/hellasgarden.se\/#website"},"datePublished":"2018-10-31T10:31:28+00:00","dateModified":"2025-12-01T09:08:10+00:00","description":"Ta med en v\u00e4n, familjen eller kollegorna och spela en runda minigolf p\u00e5 v\u00e5r fina, nyrenoverade 18-h\u00e5ls minigolfbana p\u00e5 Hellasg\u00e5rden i Nacka.","breadcrumb":{"@id":"https:\/\/hellasgarden.se\/aktiviteter\/minigolf\/#breadcrumb"},"inLanguage":"en-GB","potentialAction":[{"@type":"ReadAction","target":["https:\/\/hellasgarden.se\/aktiviteter\/minigolf\/"]}]},{"@type":"BreadcrumbList","@id":"https:\/\/hellasgarden.se\/aktiviteter\/minigolf\/#breadcrumb","itemListElement":[{"@type":"ListItem","position":1,"name":"Hem","item":"https:\/\/hellasgarden.se\/"},{"@type":"ListItem","position":2,"name":"Aktiviteter","item":"https:\/\/hellasgarden.se\/aktiviteter\/"},{"@type":"ListItem","position":3,"name":"Minigolf\/Bangolf"}]},{"@type":"WebSite","@id":"https:\/\/hellasgarden.se\/#website","url":"https:\/\/hellasgarden.se\/","name":"Hellasg\u00e5rden","description":"Din port till naturen","potentialAction":[{"@type":"SearchAction","target":{"@type":"EntryPoint","urlTemplate":"https:\/\/hellasgarden.se\/?s={search_term_string}"},"query-input":"required name=search_term_string"}],"inLanguage":"en-GB"}]}},"_links":{"self":[{"href":"https:\/\/hellasgarden.se\/en\/wp-json\/wp\/v2\/pages\/565"}],"collection":[{"href":"https:\/\/hellasgarden.se\/en\/wp-json\/wp\/v2\/pages"}],"about":[{"href":"https:\/\/hellasgarden.se\/en\/wp-json\/wp\/v2\/types\/page"}],"author":[{"embeddable":true,"href":"https:\/\/hellasgarden.se\/en\/wp-json\/wp\/v2\/users\/1"}],"replies":[{"embeddable":true,"href":"https:\/\/hellasgarden.se\/en\/wp-json\/wp\/v2\/comments?post=565"}],"version-history":[{"count":36,"href":"https:\/\/hellasgarden.se\/en\/wp-json\/wp\/v2\/pages\/565\/revisions"}],"predecessor-version":[{"id":46575,"href":"https:\/\/hellasgarden.se\/en\/wp-json\/wp\/v2\/pages\/565\/revisions\/46575"}],"up":[{"embeddable":true,"href":"https:\/\/hellasgarden.se\/en\/wp-json\/wp\/v2\/pages\/213"}],"wp:attachment":[{"href":"https:\/\/hellasgarden.se\/en\/wp-json\/wp\/v2\/media?parent=565"}],"curies":[{"name":"wp","href":"https:\/\/api.w.org\/{rel}","templated":true}]}}