{"id":541,"date":"2018-10-30T10:09:25","date_gmt":"2018-10-30T09:09:25","guid":{"rendered":"http:\/\/hellasgarden.se\/?page_id=541"},"modified":"2026-02-24T12:49:33","modified_gmt":"2026-02-24T11:49:33","slug":"bastu","status":"publish","type":"page","link":"https:\/\/hellasgarden.se\/en\/aktiviteter\/bastu\/","title":{"rendered":"Sauna"},"content":{"rendered":"<div id=\"cs-content\" class=\"cs-content\"><\/div>","protected":false},"excerpt":{"rendered":"<p>BastuHemBastubad i Stockholm med bad i sj\u00f6 och gym Bilden \u00e4r fr\u00e5n nya dambastun.\u00a0 V\u00e4rna lugnet och respektera att din bastugranne kommit f\u00f6r att f\u00e5 en lugn stund Bastun h\u00e4r &#8230; <\/p>\n<div><a href=\"https:\/\/hellasgarden.se\/en\/aktiviteter\/bastu\/\" class=\"more-link\">Read More<\/a><\/div>","protected":false},"author":1,"featured_media":0,"parent":213,"menu_order":0,"comment_status":"closed","ping_status":"closed","template":"template-blank-4.php","meta":{"_monsterinsights_skip_tracking":false,"_monsterinsights_sitenote_active":false,"_monsterinsights_sitenote_note":"","_monsterinsights_sitenote_category":0},"yoast_head":"<!-- This site is optimized with the Yoast SEO plugin v21.8.1 - https:\/\/yoast.com\/wordpress\/plugins\/seo\/ -->\n<title>Hyr bastu i Stockholm - Hellasg\u00e5rden<\/title>\n<meta name=\"description\" content=\"Bastun h\u00e4r p\u00e5 Hellasg\u00e5rden i Nacka, Stockholm, \u00e4r en plats f\u00f6r \u00e5terh\u00e4mtning och rekreation. Vi hyr ut dagtid, kv\u00e4llstid, helger och privat.\" \/>\n<meta name=\"robots\" content=\"index, follow, max-snippet:-1, max-image-preview:large, max-video-preview:-1\" \/>\n<link rel=\"canonical\" href=\"https:\/\/hellasgarden.se\/en\/aktiviteter\/bastu\/\" \/>\n<meta property=\"og:locale\" content=\"en_GB\" \/>\n<meta property=\"og:type\" content=\"article\" \/>\n<meta property=\"og:title\" content=\"Hyr bastu i Stockholm - Hellasg\u00e5rden\" \/>\n<meta property=\"og:description\" content=\"Bastun h\u00e4r p\u00e5 Hellasg\u00e5rden i Nacka, Stockholm, \u00e4r en plats f\u00f6r \u00e5terh\u00e4mtning och rekreation. Vi hyr ut dagtid, kv\u00e4llstid, helger och privat.\" \/>\n<meta property=\"og:url\" content=\"https:\/\/hellasgarden.se\/en\/aktiviteter\/bastu\/\" \/>\n<meta property=\"og:site_name\" content=\"Hellasg\u00e5rden\" \/>\n<meta property=\"article:modified_time\" content=\"2026-02-24T11:49:33+00:00\" \/>\n<meta property=\"og:image\" content=\"http:\/\/hellasgarden.se\/wp-content\/uploads\/2022\/09\/lugn-afton-bastu-manga-lyktor.jpg\" \/>\n<meta name=\"twitter:card\" content=\"summary_large_image\" \/>\n<meta name=\"twitter:label1\" content=\"Estimated reading time\" \/>\n\t<meta name=\"twitter:data1\" content=\"20 minutes\" \/>\n<script type=\"application\/ld+json\" class=\"yoast-schema-graph\">{\"@context\":\"https:\/\/schema.org\",\"@graph\":[{\"@type\":\"WebPage\",\"@id\":\"https:\/\/hellasgarden.se\/aktiviteter\/bastu\/\",\"url\":\"https:\/\/hellasgarden.se\/aktiviteter\/bastu\/\",\"name\":\"Hyr bastu i Stockholm - Hellasg\u00e5rden\",\"isPartOf\":{\"@id\":\"https:\/\/hellasgarden.se\/#website\"},\"datePublished\":\"2018-10-30T09:09:25+00:00\",\"dateModified\":\"2026-02-24T11:49:33+00:00\",\"description\":\"Bastun h\u00e4r p\u00e5 Hellasg\u00e5rden i Nacka, Stockholm, \u00e4r en plats f\u00f6r \u00e5terh\u00e4mtning och rekreation. Vi hyr ut dagtid, kv\u00e4llstid, helger och privat.\",\"breadcrumb\":{\"@id\":\"https:\/\/hellasgarden.se\/aktiviteter\/bastu\/#breadcrumb\"},\"inLanguage\":\"en-GB\",\"potentialAction\":[{\"@type\":\"ReadAction\",\"target\":[\"https:\/\/hellasgarden.se\/aktiviteter\/bastu\/\"]}]},{\"@type\":\"BreadcrumbList\",\"@id\":\"https:\/\/hellasgarden.se\/aktiviteter\/bastu\/#breadcrumb\",\"itemListElement\":[{\"@type\":\"ListItem\",\"position\":1,\"name\":\"Hem\",\"item\":\"https:\/\/hellasgarden.se\/\"},{\"@type\":\"ListItem\",\"position\":2,\"name\":\"Aktiviteter\",\"item\":\"https:\/\/hellasgarden.se\/aktiviteter\/\"},{\"@type\":\"ListItem\",\"position\":3,\"name\":\"Bastu\"}]},{\"@type\":\"WebSite\",\"@id\":\"https:\/\/hellasgarden.se\/#website\",\"url\":\"https:\/\/hellasgarden.se\/\",\"name\":\"Hellasg\u00e5rden\",\"description\":\"Din port till naturen\",\"potentialAction\":[{\"@type\":\"SearchAction\",\"target\":{\"@type\":\"EntryPoint\",\"urlTemplate\":\"https:\/\/hellasgarden.se\/?s={search_term_string}\"},\"query-input\":\"required name=search_term_string\"}],\"inLanguage\":\"en-GB\"}]}<\/script>\n<!-- \/ Yoast SEO plugin. -->","yoast_head_json":{"title":"Hyr bastu i Stockholm - Hellasg\u00e5rden","description":"Bastun h\u00e4r p\u00e5 Hellasg\u00e5rden i Nacka, Stockholm, \u00e4r en plats f\u00f6r \u00e5terh\u00e4mtning och rekreation. Vi hyr ut dagtid, kv\u00e4llstid, helger och privat.","robots":{"index":"index","follow":"follow","max-snippet":"max-snippet:-1","max-image-preview":"max-image-preview:large","max-video-preview":"max-video-preview:-1"},"canonical":"https:\/\/hellasgarden.se\/en\/aktiviteter\/bastu\/","og_locale":"en_GB","og_type":"article","og_title":"Hyr bastu i Stockholm - Hellasg\u00e5rden","og_description":"Bastun h\u00e4r p\u00e5 Hellasg\u00e5rden i Nacka, Stockholm, \u00e4r en plats f\u00f6r \u00e5terh\u00e4mtning och rekreation. Vi hyr ut dagtid, kv\u00e4llstid, helger och privat.","og_url":"https:\/\/hellasgarden.se\/en\/aktiviteter\/bastu\/","og_site_name":"Hellasg\u00e5rden","article_modified_time":"2026-02-24T11:49:33+00:00","og_image":[{"url":"http:\/\/hellasgarden.se\/wp-content\/uploads\/2022\/09\/lugn-afton-bastu-manga-lyktor.jpg"}],"twitter_card":"summary_large_image","twitter_misc":{"Estimated reading time":"20 minutes"},"schema":{"@context":"https:\/\/schema.org","@graph":[{"@type":"WebPage","@id":"https:\/\/hellasgarden.se\/aktiviteter\/bastu\/","url":"https:\/\/hellasgarden.se\/aktiviteter\/bastu\/","name":"Hyr bastu i Stockholm - Hellasg\u00e5rden","isPartOf":{"@id":"https:\/\/hellasgarden.se\/#website"},"datePublished":"2018-10-30T09:09:25+00:00","dateModified":"2026-02-24T11:49:33+00:00","description":"Bastun h\u00e4r p\u00e5 Hellasg\u00e5rden i Nacka, Stockholm, \u00e4r en plats f\u00f6r \u00e5terh\u00e4mtning och rekreation. Vi hyr ut dagtid, kv\u00e4llstid, helger och privat.","breadcrumb":{"@id":"https:\/\/hellasgarden.se\/aktiviteter\/bastu\/#breadcrumb"},"inLanguage":"en-GB","potentialAction":[{"@type":"ReadAction","target":["https:\/\/hellasgarden.se\/aktiviteter\/bastu\/"]}]},{"@type":"BreadcrumbList","@id":"https:\/\/hellasgarden.se\/aktiviteter\/bastu\/#breadcrumb","itemListElement":[{"@type":"ListItem","position":1,"name":"Hem","item":"https:\/\/hellasgarden.se\/"},{"@type":"ListItem","position":2,"name":"Aktiviteter","item":"https:\/\/hellasgarden.se\/aktiviteter\/"},{"@type":"ListItem","position":3,"name":"Bastu"}]},{"@type":"WebSite","@id":"https:\/\/hellasgarden.se\/#website","url":"https:\/\/hellasgarden.se\/","name":"Hellasg\u00e5rden","description":"Din port till naturen","potentialAction":[{"@type":"SearchAction","target":{"@type":"EntryPoint","urlTemplate":"https:\/\/hellasgarden.se\/?s={search_term_string}"},"query-input":"required name=search_term_string"}],"inLanguage":"en-GB"}]}},"_links":{"self":[{"href":"https:\/\/hellasgarden.se\/en\/wp-json\/wp\/v2\/pages\/541"}],"collection":[{"href":"https:\/\/hellasgarden.se\/en\/wp-json\/wp\/v2\/pages"}],"about":[{"href":"https:\/\/hellasgarden.se\/en\/wp-json\/wp\/v2\/types\/page"}],"author":[{"embeddable":true,"href":"https:\/\/hellasgarden.se\/en\/wp-json\/wp\/v2\/users\/1"}],"replies":[{"embeddable":true,"href":"https:\/\/hellasgarden.se\/en\/wp-json\/wp\/v2\/comments?post=541"}],"version-history":[{"count":578,"href":"https:\/\/hellasgarden.se\/en\/wp-json\/wp\/v2\/pages\/541\/revisions"}],"predecessor-version":[{"id":46774,"href":"https:\/\/hellasgarden.se\/en\/wp-json\/wp\/v2\/pages\/541\/revisions\/46774"}],"up":[{"embeddable":true,"href":"https:\/\/hellasgarden.se\/en\/wp-json\/wp\/v2\/pages\/213"}],"wp:attachment":[{"href":"https:\/\/hellasgarden.se\/en\/wp-json\/wp\/v2\/media?parent=541"}],"curies":[{"name":"wp","href":"https:\/\/api.w.org\/{rel}","templated":true}]}}