{"id":46269,"date":"2025-02-28T16:12:04","date_gmt":"2025-02-28T15:12:04","guid":{"rendered":"https:\/\/hellasgarden.se\/?page_id=46269"},"modified":"2026-02-20T11:30:24","modified_gmt":"2026-02-20T10:30:24","slug":"markytor-och-uteplatser","status":"publish","type":"page","link":"https:\/\/hellasgarden.se\/en\/markytor-och-uteplatser\/","title":{"rendered":"Ground surfaces and patios"},"content":{"rendered":"<div id=\"cs-content\" class=\"cs-content\"><\/div>","protected":false},"excerpt":{"rendered":"<p>Outdoor spaces &amp; patiosHomeHere you will find conservatories, patios and outdoor spaces that you can bookBook your space and make sure that the space you want is available, and that the weather is ... <\/p>\n<div><a href=\"https:\/\/hellasgarden.se\/en\/markytor-och-uteplatser\/\" class=\"more-link\">Read More<\/a><\/div>","protected":false},"author":1,"featured_media":0,"parent":0,"menu_order":0,"comment_status":"closed","ping_status":"closed","template":"template-blank-4.php","meta":{"_monsterinsights_skip_tracking":false,"_monsterinsights_sitenote_active":false,"_monsterinsights_sitenote_note":"","_monsterinsights_sitenote_category":0},"yoast_head":"<!-- This site is optimized with the Yoast SEO plugin v21.8.1 - https:\/\/yoast.com\/wordpress\/plugins\/seo\/ -->\n<title>Markytor och uteplatser - Hellasg\u00e5rden<\/title>\n<meta name=\"robots\" content=\"index, follow, max-snippet:-1, max-image-preview:large, max-video-preview:-1\" \/>\n<link rel=\"canonical\" href=\"https:\/\/hellasgarden.se\/en\/markytor-och-uteplatser\/\" \/>\n<meta property=\"og:locale\" content=\"en_GB\" \/>\n<meta property=\"og:type\" content=\"article\" \/>\n<meta property=\"og:title\" content=\"Markytor och uteplatser - Hellasg\u00e5rden\" \/>\n<meta property=\"og:description\" content=\"Markytor &amp; uteplatserHemH&auml;r hittar du uterum, uteplatser och markytor som du kan bokaBoka din plats och f\u00f6rs\u00e4kra dig om att den plats du vill disponera \u00e4r ledig, och att v\u00e4drets ... Read More\" \/>\n<meta property=\"og:url\" content=\"https:\/\/hellasgarden.se\/en\/markytor-och-uteplatser\/\" \/>\n<meta property=\"og:site_name\" content=\"Hellasg\u00e5rden\" \/>\n<meta property=\"article:modified_time\" content=\"2026-02-20T10:30:24+00:00\" \/>\n<meta name=\"twitter:card\" content=\"summary_large_image\" \/>\n<meta name=\"twitter:label1\" content=\"Estimated reading time\" \/>\n\t<meta name=\"twitter:data1\" content=\"8 minutes\" \/>\n<script type=\"application\/ld+json\" class=\"yoast-schema-graph\">{\"@context\":\"https:\/\/schema.org\",\"@graph\":[{\"@type\":\"WebPage\",\"@id\":\"https:\/\/hellasgarden.se\/markytor-och-uteplatser\/\",\"url\":\"https:\/\/hellasgarden.se\/markytor-och-uteplatser\/\",\"name\":\"Markytor och uteplatser - Hellasg\u00e5rden\",\"isPartOf\":{\"@id\":\"https:\/\/hellasgarden.se\/#website\"},\"datePublished\":\"2025-02-28T15:12:04+00:00\",\"dateModified\":\"2026-02-20T10:30:24+00:00\",\"breadcrumb\":{\"@id\":\"https:\/\/hellasgarden.se\/markytor-och-uteplatser\/#breadcrumb\"},\"inLanguage\":\"en-GB\",\"potentialAction\":[{\"@type\":\"ReadAction\",\"target\":[\"https:\/\/hellasgarden.se\/markytor-och-uteplatser\/\"]}]},{\"@type\":\"BreadcrumbList\",\"@id\":\"https:\/\/hellasgarden.se\/markytor-och-uteplatser\/#breadcrumb\",\"itemListElement\":[{\"@type\":\"ListItem\",\"position\":1,\"name\":\"Hem\",\"item\":\"https:\/\/hellasgarden.se\/\"},{\"@type\":\"ListItem\",\"position\":2,\"name\":\"Markytor och uteplatser\"}]},{\"@type\":\"WebSite\",\"@id\":\"https:\/\/hellasgarden.se\/#website\",\"url\":\"https:\/\/hellasgarden.se\/\",\"name\":\"Hellasg\u00e5rden\",\"description\":\"Din port till naturen\",\"potentialAction\":[{\"@type\":\"SearchAction\",\"target\":{\"@type\":\"EntryPoint\",\"urlTemplate\":\"https:\/\/hellasgarden.se\/?s={search_term_string}\"},\"query-input\":\"required name=search_term_string\"}],\"inLanguage\":\"en-GB\"}]}<\/script>\n<!-- \/ Yoast SEO plugin. -->","yoast_head_json":{"title":"Markytor och uteplatser - Hellasg\u00e5rden","robots":{"index":"index","follow":"follow","max-snippet":"max-snippet:-1","max-image-preview":"max-image-preview:large","max-video-preview":"max-video-preview:-1"},"canonical":"https:\/\/hellasgarden.se\/en\/markytor-och-uteplatser\/","og_locale":"en_GB","og_type":"article","og_title":"Markytor och uteplatser - Hellasg\u00e5rden","og_description":"Markytor &amp; uteplatserHemH&auml;r hittar du uterum, uteplatser och markytor som du kan bokaBoka din plats och f\u00f6rs\u00e4kra dig om att den plats du vill disponera \u00e4r ledig, och att v\u00e4drets ... Read More","og_url":"https:\/\/hellasgarden.se\/en\/markytor-och-uteplatser\/","og_site_name":"Hellasg\u00e5rden","article_modified_time":"2026-02-20T10:30:24+00:00","twitter_card":"summary_large_image","twitter_misc":{"Estimated reading time":"8 minutes"},"schema":{"@context":"https:\/\/schema.org","@graph":[{"@type":"WebPage","@id":"https:\/\/hellasgarden.se\/markytor-och-uteplatser\/","url":"https:\/\/hellasgarden.se\/markytor-och-uteplatser\/","name":"Markytor och uteplatser - Hellasg\u00e5rden","isPartOf":{"@id":"https:\/\/hellasgarden.se\/#website"},"datePublished":"2025-02-28T15:12:04+00:00","dateModified":"2026-02-20T10:30:24+00:00","breadcrumb":{"@id":"https:\/\/hellasgarden.se\/markytor-och-uteplatser\/#breadcrumb"},"inLanguage":"en-GB","potentialAction":[{"@type":"ReadAction","target":["https:\/\/hellasgarden.se\/markytor-och-uteplatser\/"]}]},{"@type":"BreadcrumbList","@id":"https:\/\/hellasgarden.se\/markytor-och-uteplatser\/#breadcrumb","itemListElement":[{"@type":"ListItem","position":1,"name":"Hem","item":"https:\/\/hellasgarden.se\/"},{"@type":"ListItem","position":2,"name":"Markytor och uteplatser"}]},{"@type":"WebSite","@id":"https:\/\/hellasgarden.se\/#website","url":"https:\/\/hellasgarden.se\/","name":"Hellasg\u00e5rden","description":"Din port till naturen","potentialAction":[{"@type":"SearchAction","target":{"@type":"EntryPoint","urlTemplate":"https:\/\/hellasgarden.se\/?s={search_term_string}"},"query-input":"required name=search_term_string"}],"inLanguage":"en-GB"}]}},"_links":{"self":[{"href":"https:\/\/hellasgarden.se\/en\/wp-json\/wp\/v2\/pages\/46269"}],"collection":[{"href":"https:\/\/hellasgarden.se\/en\/wp-json\/wp\/v2\/pages"}],"about":[{"href":"https:\/\/hellasgarden.se\/en\/wp-json\/wp\/v2\/types\/page"}],"author":[{"embeddable":true,"href":"https:\/\/hellasgarden.se\/en\/wp-json\/wp\/v2\/users\/1"}],"replies":[{"embeddable":true,"href":"https:\/\/hellasgarden.se\/en\/wp-json\/wp\/v2\/comments?post=46269"}],"version-history":[{"count":33,"href":"https:\/\/hellasgarden.se\/en\/wp-json\/wp\/v2\/pages\/46269\/revisions"}],"predecessor-version":[{"id":46766,"href":"https:\/\/hellasgarden.se\/en\/wp-json\/wp\/v2\/pages\/46269\/revisions\/46766"}],"wp:attachment":[{"href":"https:\/\/hellasgarden.se\/en\/wp-json\/wp\/v2\/media?parent=46269"}],"curies":[{"name":"wp","href":"https:\/\/api.w.org\/{rel}","templated":true}]}}