{"id":46239,"date":"2025-02-12T14:55:15","date_gmt":"2025-02-12T13:55:15","guid":{"rendered":"https:\/\/hellasgarden.se\/?page_id=46239"},"modified":"2025-02-18T15:01:52","modified_gmt":"2025-02-18T14:01:52","slug":"foretagsevent-stockholm","status":"publish","type":"page","link":"https:\/\/hellasgarden.se\/en\/foretagsevent-stockholm\/","title":{"rendered":"Corporate events Stockholm"},"content":{"rendered":"<div id=\"cs-content\" class=\"cs-content\"><\/div>","protected":false},"excerpt":{"rendered":"<p>&nbsp;Corporate events Stockholm - Hold your corporate event at Hellasg\u00e5rden in Nacka, a scenic oasis with space for many different activities Take part in over 20 activitiesHellasg\u00e5rden offers a wide range of activities ... <\/p>\n<div><a href=\"https:\/\/hellasgarden.se\/en\/events\/smutsa-ned-dig-med-chefen-stigcykling-med-kollegorna\/\" class=\"more-link\">Read More<\/a><\/div>","protected":false},"author":2,"featured_media":0,"parent":0,"menu_order":0,"comment_status":"closed","ping_status":"closed","template":"template-blank-4.php","meta":{"_monsterinsights_skip_tracking":false,"_monsterinsights_sitenote_active":false,"_monsterinsights_sitenote_note":"","_monsterinsights_sitenote_category":0},"yoast_head":"<!-- This site is optimized with the Yoast SEO plugin v21.8.1 - https:\/\/yoast.com\/wordpress\/plugins\/seo\/ -->\n<title>F\u00f6retagsevent i Stockholm - Hellasg\u00e5rden<\/title>\n<meta name=\"description\" content=\"F\u00f6r f\u00f6retag som vill kombinera effektiva m\u00f6ten med friluftsaktiviteter, \u00e4r Hellasg\u00e5rden det sj\u00e4lvklara valet. H\u00e4r kan ni genomf\u00f6ra teambuildingaktiviteter, inspirerande konferenser eller bara njuta av en v\u00e4lbeh\u00f6vlig paus fr\u00e5n kontorsmilj\u00f6n.\" \/>\n<meta name=\"robots\" content=\"index, follow, max-snippet:-1, max-image-preview:large, max-video-preview:-1\" \/>\n<link rel=\"canonical\" href=\"https:\/\/hellasgarden.se\/en\/foretagsevent-stockholm\/\" \/>\n<meta property=\"og:locale\" content=\"en_GB\" \/>\n<meta property=\"og:type\" content=\"article\" \/>\n<meta property=\"og:title\" content=\"F\u00f6retagsevent i Stockholm - Hellasg\u00e5rden\" \/>\n<meta property=\"og:description\" content=\"F\u00f6r f\u00f6retag som vill kombinera effektiva m\u00f6ten med friluftsaktiviteter, \u00e4r Hellasg\u00e5rden det sj\u00e4lvklara valet. H\u00e4r kan ni genomf\u00f6ra teambuildingaktiviteter, inspirerande konferenser eller bara njuta av en v\u00e4lbeh\u00f6vlig paus fr\u00e5n kontorsmilj\u00f6n.\" \/>\n<meta property=\"og:url\" content=\"https:\/\/hellasgarden.se\/en\/foretagsevent-stockholm\/\" \/>\n<meta property=\"og:site_name\" content=\"Hellasg\u00e5rden\" \/>\n<meta property=\"article:modified_time\" content=\"2025-02-18T14:01:52+00:00\" \/>\n<meta name=\"twitter:card\" content=\"summary_large_image\" \/>\n<script type=\"application\/ld+json\" class=\"yoast-schema-graph\">{\"@context\":\"https:\/\/schema.org\",\"@graph\":[{\"@type\":\"WebPage\",\"@id\":\"https:\/\/hellasgarden.se\/uk\/foretagsevent-stockholm\/\",\"url\":\"https:\/\/hellasgarden.se\/uk\/foretagsevent-stockholm\/\",\"name\":\"F\u00f6retagsevent i Stockholm - Hellasg\u00e5rden\",\"isPartOf\":{\"@id\":\"https:\/\/hellasgarden.se\/#website\"},\"datePublished\":\"2025-02-12T13:55:15+00:00\",\"dateModified\":\"2025-02-18T14:01:52+00:00\",\"description\":\"F\u00f6r f\u00f6retag som vill kombinera effektiva m\u00f6ten med friluftsaktiviteter, \u00e4r Hellasg\u00e5rden det sj\u00e4lvklara valet. H\u00e4r kan ni genomf\u00f6ra teambuildingaktiviteter, inspirerande konferenser eller bara njuta av en v\u00e4lbeh\u00f6vlig paus fr\u00e5n kontorsmilj\u00f6n.\",\"breadcrumb\":{\"@id\":\"https:\/\/hellasgarden.se\/uk\/foretagsevent-stockholm\/#breadcrumb\"},\"inLanguage\":\"en-GB\",\"potentialAction\":[{\"@type\":\"ReadAction\",\"target\":[\"https:\/\/hellasgarden.se\/uk\/foretagsevent-stockholm\/\"]}]},{\"@type\":\"BreadcrumbList\",\"@id\":\"https:\/\/hellasgarden.se\/uk\/foretagsevent-stockholm\/#breadcrumb\",\"itemListElement\":[{\"@type\":\"ListItem\",\"position\":1,\"name\":\"Hem\",\"item\":\"https:\/\/hellasgarden.se\/\"},{\"@type\":\"ListItem\",\"position\":2,\"name\":\"F\u00f6retagsevent Stockholm\"}]},{\"@type\":\"WebSite\",\"@id\":\"https:\/\/hellasgarden.se\/#website\",\"url\":\"https:\/\/hellasgarden.se\/\",\"name\":\"Hellasg\u00e5rden\",\"description\":\"Din port till naturen\",\"potentialAction\":[{\"@type\":\"SearchAction\",\"target\":{\"@type\":\"EntryPoint\",\"urlTemplate\":\"https:\/\/hellasgarden.se\/?s={search_term_string}\"},\"query-input\":\"required name=search_term_string\"}],\"inLanguage\":\"en-GB\"}]}<\/script>\n<!-- \/ Yoast SEO plugin. -->","yoast_head_json":{"title":"F\u00f6retagsevent i Stockholm - Hellasg\u00e5rden","description":"F\u00f6r f\u00f6retag som vill kombinera effektiva m\u00f6ten med friluftsaktiviteter, \u00e4r Hellasg\u00e5rden det sj\u00e4lvklara valet. H\u00e4r kan ni genomf\u00f6ra teambuildingaktiviteter, inspirerande konferenser eller bara njuta av en v\u00e4lbeh\u00f6vlig paus fr\u00e5n kontorsmilj\u00f6n.","robots":{"index":"index","follow":"follow","max-snippet":"max-snippet:-1","max-image-preview":"max-image-preview:large","max-video-preview":"max-video-preview:-1"},"canonical":"https:\/\/hellasgarden.se\/en\/foretagsevent-stockholm\/","og_locale":"en_GB","og_type":"article","og_title":"F\u00f6retagsevent i Stockholm - Hellasg\u00e5rden","og_description":"F\u00f6r f\u00f6retag som vill kombinera effektiva m\u00f6ten med friluftsaktiviteter, \u00e4r Hellasg\u00e5rden det sj\u00e4lvklara valet. H\u00e4r kan ni genomf\u00f6ra teambuildingaktiviteter, inspirerande konferenser eller bara njuta av en v\u00e4lbeh\u00f6vlig paus fr\u00e5n kontorsmilj\u00f6n.","og_url":"https:\/\/hellasgarden.se\/en\/foretagsevent-stockholm\/","og_site_name":"Hellasg\u00e5rden","article_modified_time":"2025-02-18T14:01:52+00:00","twitter_card":"summary_large_image","schema":{"@context":"https:\/\/schema.org","@graph":[{"@type":"WebPage","@id":"https:\/\/hellasgarden.se\/uk\/foretagsevent-stockholm\/","url":"https:\/\/hellasgarden.se\/uk\/foretagsevent-stockholm\/","name":"F\u00f6retagsevent i Stockholm - Hellasg\u00e5rden","isPartOf":{"@id":"https:\/\/hellasgarden.se\/#website"},"datePublished":"2025-02-12T13:55:15+00:00","dateModified":"2025-02-18T14:01:52+00:00","description":"F\u00f6r f\u00f6retag som vill kombinera effektiva m\u00f6ten med friluftsaktiviteter, \u00e4r Hellasg\u00e5rden det sj\u00e4lvklara valet. H\u00e4r kan ni genomf\u00f6ra teambuildingaktiviteter, inspirerande konferenser eller bara njuta av en v\u00e4lbeh\u00f6vlig paus fr\u00e5n kontorsmilj\u00f6n.","breadcrumb":{"@id":"https:\/\/hellasgarden.se\/uk\/foretagsevent-stockholm\/#breadcrumb"},"inLanguage":"en-GB","potentialAction":[{"@type":"ReadAction","target":["https:\/\/hellasgarden.se\/uk\/foretagsevent-stockholm\/"]}]},{"@type":"BreadcrumbList","@id":"https:\/\/hellasgarden.se\/uk\/foretagsevent-stockholm\/#breadcrumb","itemListElement":[{"@type":"ListItem","position":1,"name":"Hem","item":"https:\/\/hellasgarden.se\/"},{"@type":"ListItem","position":2,"name":"F\u00f6retagsevent Stockholm"}]},{"@type":"WebSite","@id":"https:\/\/hellasgarden.se\/#website","url":"https:\/\/hellasgarden.se\/","name":"Hellasg\u00e5rden","description":"Din port till naturen","potentialAction":[{"@type":"SearchAction","target":{"@type":"EntryPoint","urlTemplate":"https:\/\/hellasgarden.se\/?s={search_term_string}"},"query-input":"required name=search_term_string"}],"inLanguage":"en-GB"}]}},"_links":{"self":[{"href":"https:\/\/hellasgarden.se\/en\/wp-json\/wp\/v2\/pages\/46239"}],"collection":[{"href":"https:\/\/hellasgarden.se\/en\/wp-json\/wp\/v2\/pages"}],"about":[{"href":"https:\/\/hellasgarden.se\/en\/wp-json\/wp\/v2\/types\/page"}],"author":[{"embeddable":true,"href":"https:\/\/hellasgarden.se\/en\/wp-json\/wp\/v2\/users\/2"}],"replies":[{"embeddable":true,"href":"https:\/\/hellasgarden.se\/en\/wp-json\/wp\/v2\/comments?post=46239"}],"version-history":[{"count":9,"href":"https:\/\/hellasgarden.se\/en\/wp-json\/wp\/v2\/pages\/46239\/revisions"}],"predecessor-version":[{"id":46249,"href":"https:\/\/hellasgarden.se\/en\/wp-json\/wp\/v2\/pages\/46239\/revisions\/46249"}],"wp:attachment":[{"href":"https:\/\/hellasgarden.se\/en\/wp-json\/wp\/v2\/media?parent=46239"}],"curies":[{"name":"wp","href":"https:\/\/api.w.org\/{rel}","templated":true}]}}