{"id":45146,"date":"2023-12-05T13:18:43","date_gmt":"2023-12-05T12:18:43","guid":{"rendered":"https:\/\/hellasgarden.se\/?page_id=45146"},"modified":"2025-11-26T11:20:59","modified_gmt":"2025-11-26T10:20:59","slug":"sjocafeet","status":"publish","type":"page","link":"https:\/\/hellasgarden.se\/en\/sjocafeet\/","title":{"rendered":"The Lake Caf\u00e9"},"content":{"rendered":"<div id=\"cs-content\" class=\"cs-content\"><\/div>","protected":false},"excerpt":{"rendered":"<p>Sj\u00f6caf\u00e9etHomeWelcome to Sj\u00f6caf\u00e9et! We are located on the shore of Lake K\u00e4lltorp, just a dozen metres from the reception, sauna and gym. In the caf\u00e9 and on the patio that follows the terrain in terraces from the caf\u00e9 to ... <\/p>\n<div><a href=\"https:\/\/hellasgarden.se\/en\/sjocafeet\/\" class=\"more-link\">Read More<\/a><\/div>","protected":false},"author":1,"featured_media":0,"parent":0,"menu_order":0,"comment_status":"closed","ping_status":"closed","template":"template-blank-4.php","meta":{"_monsterinsights_skip_tracking":false,"_monsterinsights_sitenote_active":false,"_monsterinsights_sitenote_note":"","_monsterinsights_sitenote_category":0},"yoast_head":"<!-- This site is optimized with the Yoast SEO plugin v21.8.1 - https:\/\/yoast.com\/wordpress\/plugins\/seo\/ -->\n<title>Sj\u00f6caf\u00e9et - Hellasg\u00e5rden<\/title>\n<meta name=\"description\" content=\"V\u00e4lkommen till &quot;nya&quot; Sj\u00f6caf\u00e9et! H\u00e4r kan du l\u00e4sa mer om v\u00e5rt sortiment och alla ingredienser och njuta av trivsam inredning och utsikt.\" \/>\n<meta name=\"robots\" content=\"index, follow, max-snippet:-1, max-image-preview:large, max-video-preview:-1\" \/>\n<link rel=\"canonical\" href=\"https:\/\/hellasgarden.se\/en\/sjocafeet\/\" \/>\n<meta property=\"og:locale\" content=\"en_GB\" \/>\n<meta property=\"og:type\" content=\"article\" \/>\n<meta property=\"og:title\" content=\"Sj\u00f6caf\u00e9et - Hellasg\u00e5rden\" \/>\n<meta property=\"og:description\" content=\"V\u00e4lkommen till &quot;nya&quot; Sj\u00f6caf\u00e9et! H\u00e4r kan du l\u00e4sa mer om v\u00e5rt sortiment och alla ingredienser och njuta av trivsam inredning och utsikt.\" \/>\n<meta property=\"og:url\" content=\"https:\/\/hellasgarden.se\/en\/sjocafeet\/\" \/>\n<meta property=\"og:site_name\" content=\"Hellasg\u00e5rden\" \/>\n<meta property=\"article:modified_time\" content=\"2025-11-26T10:20:59+00:00\" \/>\n<meta property=\"og:image\" content=\"http:\/\/hellasgarden.se\/wp-content\/uploads\/2025\/09\/image00005.jpeg\" \/>\n<meta name=\"twitter:card\" content=\"summary_large_image\" \/>\n<meta name=\"twitter:label1\" content=\"Estimated reading time\" \/>\n\t<meta name=\"twitter:data1\" content=\"5 minutes\" \/>\n<script type=\"application\/ld+json\" class=\"yoast-schema-graph\">{\"@context\":\"https:\/\/schema.org\",\"@graph\":[{\"@type\":\"WebPage\",\"@id\":\"https:\/\/hellasgarden.se\/sjocafeet\/\",\"url\":\"https:\/\/hellasgarden.se\/sjocafeet\/\",\"name\":\"Sj\u00f6caf\u00e9et - Hellasg\u00e5rden\",\"isPartOf\":{\"@id\":\"https:\/\/hellasgarden.se\/#website\"},\"datePublished\":\"2023-12-05T12:18:43+00:00\",\"dateModified\":\"2025-11-26T10:20:59+00:00\",\"description\":\"V\u00e4lkommen till \\\"nya\\\" Sj\u00f6caf\u00e9et! H\u00e4r kan du l\u00e4sa mer om v\u00e5rt sortiment och alla ingredienser och njuta av trivsam inredning och utsikt.\",\"breadcrumb\":{\"@id\":\"https:\/\/hellasgarden.se\/sjocafeet\/#breadcrumb\"},\"inLanguage\":\"en-GB\",\"potentialAction\":[{\"@type\":\"ReadAction\",\"target\":[\"https:\/\/hellasgarden.se\/sjocafeet\/\"]}]},{\"@type\":\"BreadcrumbList\",\"@id\":\"https:\/\/hellasgarden.se\/sjocafeet\/#breadcrumb\",\"itemListElement\":[{\"@type\":\"ListItem\",\"position\":1,\"name\":\"Hem\",\"item\":\"https:\/\/hellasgarden.se\/\"},{\"@type\":\"ListItem\",\"position\":2,\"name\":\"Sj\u00f6caf\u00e9et\"}]},{\"@type\":\"WebSite\",\"@id\":\"https:\/\/hellasgarden.se\/#website\",\"url\":\"https:\/\/hellasgarden.se\/\",\"name\":\"Hellasg\u00e5rden\",\"description\":\"Din port till naturen\",\"potentialAction\":[{\"@type\":\"SearchAction\",\"target\":{\"@type\":\"EntryPoint\",\"urlTemplate\":\"https:\/\/hellasgarden.se\/?s={search_term_string}\"},\"query-input\":\"required name=search_term_string\"}],\"inLanguage\":\"en-GB\"}]}<\/script>\n<!-- \/ Yoast SEO plugin. -->","yoast_head_json":{"title":"Sj\u00f6caf\u00e9et - Hellasg\u00e5rden","description":"V\u00e4lkommen till \"nya\" Sj\u00f6caf\u00e9et! H\u00e4r kan du l\u00e4sa mer om v\u00e5rt sortiment och alla ingredienser och njuta av trivsam inredning och utsikt.","robots":{"index":"index","follow":"follow","max-snippet":"max-snippet:-1","max-image-preview":"max-image-preview:large","max-video-preview":"max-video-preview:-1"},"canonical":"https:\/\/hellasgarden.se\/en\/sjocafeet\/","og_locale":"en_GB","og_type":"article","og_title":"Sj\u00f6caf\u00e9et - Hellasg\u00e5rden","og_description":"V\u00e4lkommen till \"nya\" Sj\u00f6caf\u00e9et! H\u00e4r kan du l\u00e4sa mer om v\u00e5rt sortiment och alla ingredienser och njuta av trivsam inredning och utsikt.","og_url":"https:\/\/hellasgarden.se\/en\/sjocafeet\/","og_site_name":"Hellasg\u00e5rden","article_modified_time":"2025-11-26T10:20:59+00:00","og_image":[{"url":"http:\/\/hellasgarden.se\/wp-content\/uploads\/2025\/09\/image00005.jpeg"}],"twitter_card":"summary_large_image","twitter_misc":{"Estimated reading time":"5 minutes"},"schema":{"@context":"https:\/\/schema.org","@graph":[{"@type":"WebPage","@id":"https:\/\/hellasgarden.se\/sjocafeet\/","url":"https:\/\/hellasgarden.se\/sjocafeet\/","name":"Sj\u00f6caf\u00e9et - Hellasg\u00e5rden","isPartOf":{"@id":"https:\/\/hellasgarden.se\/#website"},"datePublished":"2023-12-05T12:18:43+00:00","dateModified":"2025-11-26T10:20:59+00:00","description":"V\u00e4lkommen till \"nya\" Sj\u00f6caf\u00e9et! H\u00e4r kan du l\u00e4sa mer om v\u00e5rt sortiment och alla ingredienser och njuta av trivsam inredning och utsikt.","breadcrumb":{"@id":"https:\/\/hellasgarden.se\/sjocafeet\/#breadcrumb"},"inLanguage":"en-GB","potentialAction":[{"@type":"ReadAction","target":["https:\/\/hellasgarden.se\/sjocafeet\/"]}]},{"@type":"BreadcrumbList","@id":"https:\/\/hellasgarden.se\/sjocafeet\/#breadcrumb","itemListElement":[{"@type":"ListItem","position":1,"name":"Hem","item":"https:\/\/hellasgarden.se\/"},{"@type":"ListItem","position":2,"name":"Sj\u00f6caf\u00e9et"}]},{"@type":"WebSite","@id":"https:\/\/hellasgarden.se\/#website","url":"https:\/\/hellasgarden.se\/","name":"Hellasg\u00e5rden","description":"Din port till naturen","potentialAction":[{"@type":"SearchAction","target":{"@type":"EntryPoint","urlTemplate":"https:\/\/hellasgarden.se\/?s={search_term_string}"},"query-input":"required name=search_term_string"}],"inLanguage":"en-GB"}]}},"_links":{"self":[{"href":"https:\/\/hellasgarden.se\/en\/wp-json\/wp\/v2\/pages\/45146"}],"collection":[{"href":"https:\/\/hellasgarden.se\/en\/wp-json\/wp\/v2\/pages"}],"about":[{"href":"https:\/\/hellasgarden.se\/en\/wp-json\/wp\/v2\/types\/page"}],"author":[{"embeddable":true,"href":"https:\/\/hellasgarden.se\/en\/wp-json\/wp\/v2\/users\/1"}],"replies":[{"embeddable":true,"href":"https:\/\/hellasgarden.se\/en\/wp-json\/wp\/v2\/comments?post=45146"}],"version-history":[{"count":38,"href":"https:\/\/hellasgarden.se\/en\/wp-json\/wp\/v2\/pages\/45146\/revisions"}],"predecessor-version":[{"id":46559,"href":"https:\/\/hellasgarden.se\/en\/wp-json\/wp\/v2\/pages\/45146\/revisions\/46559"}],"wp:attachment":[{"href":"https:\/\/hellasgarden.se\/en\/wp-json\/wp\/v2\/media?parent=45146"}],"curies":[{"name":"wp","href":"https:\/\/api.w.org\/{rel}","templated":true}]}}