{"id":44116,"date":"2022-09-08T09:49:09","date_gmt":"2022-09-08T07:49:09","guid":{"rendered":"https:\/\/hellasgarden.se\/?page_id=44116"},"modified":"2022-09-12T10:33:20","modified_gmt":"2022-09-12T08:33:20","slug":"spar","status":"publish","type":"page","link":"https:\/\/hellasgarden.se\/en\/aktiviteter\/spar\/","title":{"rendered":"Tracks"},"content":{"rendered":"<div id=\"cs-content\" class=\"cs-content\"><\/div>","protected":false},"excerpt":{"rendered":"<p>Tracks HomeTracks for running, hiking, trail, MTB and swimrunHere you can see all our tracks and download them to your mobile phone. Read more on Exercise, Hiking, Trail and RunningBack to ... <\/p>\n<div><a href=\"https:\/\/hellasgarden.se\/en\/aktiviteter\/spar\/\" class=\"more-link\">Read More<\/a><\/div>","protected":false},"author":1,"featured_media":0,"parent":213,"menu_order":0,"comment_status":"closed","ping_status":"closed","template":"template-blank-4.php","meta":{"_monsterinsights_skip_tracking":false,"_monsterinsights_sitenote_active":false,"_monsterinsights_sitenote_note":"","_monsterinsights_sitenote_category":0},"yoast_head":"<!-- This site is optimized with the Yoast SEO plugin v21.8.1 - https:\/\/yoast.com\/wordpress\/plugins\/seo\/ -->\n<title>Sp\u00e5r - Hellasg\u00e5rden<\/title>\n<meta name=\"robots\" content=\"index, follow, max-snippet:-1, max-image-preview:large, max-video-preview:-1\" \/>\n<link rel=\"canonical\" href=\"https:\/\/hellasgarden.se\/en\/aktiviteter\/spar\/\" \/>\n<meta property=\"og:locale\" content=\"en_GB\" \/>\n<meta property=\"og:type\" content=\"article\" \/>\n<meta property=\"og:title\" content=\"Sp\u00e5r - Hellasg\u00e5rden\" \/>\n<meta property=\"og:description\" content=\"Sp&aring;r&nbsp;HemSp\u00e5r f\u00f6r l\u00f6pning, vandring, trail, MTB och swimrunH\u00e4r kan du se alla v\u00e5ra sp\u00e5r och ladda ned dem till din mobil. L\u00e4s mer p\u00e5 Motion, Vandring, Trail och L\u00f6pningTillbaks till ... Read More\" \/>\n<meta property=\"og:url\" content=\"https:\/\/hellasgarden.se\/en\/aktiviteter\/spar\/\" \/>\n<meta property=\"og:site_name\" content=\"Hellasg\u00e5rden\" \/>\n<meta property=\"article:modified_time\" content=\"2022-09-12T08:33:20+00:00\" \/>\n<meta name=\"twitter:card\" content=\"summary_large_image\" \/>\n<meta name=\"twitter:label1\" content=\"Estimated reading time\" \/>\n\t<meta name=\"twitter:data1\" content=\"1 minute\" \/>\n<script type=\"application\/ld+json\" class=\"yoast-schema-graph\">{\"@context\":\"https:\/\/schema.org\",\"@graph\":[{\"@type\":\"WebPage\",\"@id\":\"https:\/\/hellasgarden.se\/aktiviteter\/spar\/\",\"url\":\"https:\/\/hellasgarden.se\/aktiviteter\/spar\/\",\"name\":\"Sp\u00e5r - Hellasg\u00e5rden\",\"isPartOf\":{\"@id\":\"https:\/\/hellasgarden.se\/#website\"},\"datePublished\":\"2022-09-08T07:49:09+00:00\",\"dateModified\":\"2022-09-12T08:33:20+00:00\",\"breadcrumb\":{\"@id\":\"https:\/\/hellasgarden.se\/aktiviteter\/spar\/#breadcrumb\"},\"inLanguage\":\"en-GB\",\"potentialAction\":[{\"@type\":\"ReadAction\",\"target\":[\"https:\/\/hellasgarden.se\/aktiviteter\/spar\/\"]}]},{\"@type\":\"BreadcrumbList\",\"@id\":\"https:\/\/hellasgarden.se\/aktiviteter\/spar\/#breadcrumb\",\"itemListElement\":[{\"@type\":\"ListItem\",\"position\":1,\"name\":\"Hem\",\"item\":\"https:\/\/hellasgarden.se\/\"},{\"@type\":\"ListItem\",\"position\":2,\"name\":\"Aktiviteter\",\"item\":\"https:\/\/hellasgarden.se\/aktiviteter\/\"},{\"@type\":\"ListItem\",\"position\":3,\"name\":\"Sp\u00e5r\"}]},{\"@type\":\"WebSite\",\"@id\":\"https:\/\/hellasgarden.se\/#website\",\"url\":\"https:\/\/hellasgarden.se\/\",\"name\":\"Hellasg\u00e5rden\",\"description\":\"Din port till naturen\",\"potentialAction\":[{\"@type\":\"SearchAction\",\"target\":{\"@type\":\"EntryPoint\",\"urlTemplate\":\"https:\/\/hellasgarden.se\/?s={search_term_string}\"},\"query-input\":\"required name=search_term_string\"}],\"inLanguage\":\"en-GB\"}]}<\/script>\n<!-- \/ Yoast SEO plugin. -->","yoast_head_json":{"title":"Sp\u00e5r - Hellasg\u00e5rden","robots":{"index":"index","follow":"follow","max-snippet":"max-snippet:-1","max-image-preview":"max-image-preview:large","max-video-preview":"max-video-preview:-1"},"canonical":"https:\/\/hellasgarden.se\/en\/aktiviteter\/spar\/","og_locale":"en_GB","og_type":"article","og_title":"Sp\u00e5r - Hellasg\u00e5rden","og_description":"Sp&aring;r&nbsp;HemSp\u00e5r f\u00f6r l\u00f6pning, vandring, trail, MTB och swimrunH\u00e4r kan du se alla v\u00e5ra sp\u00e5r och ladda ned dem till din mobil. L\u00e4s mer p\u00e5 Motion, Vandring, Trail och L\u00f6pningTillbaks till ... Read More","og_url":"https:\/\/hellasgarden.se\/en\/aktiviteter\/spar\/","og_site_name":"Hellasg\u00e5rden","article_modified_time":"2022-09-12T08:33:20+00:00","twitter_card":"summary_large_image","twitter_misc":{"Estimated reading time":"1 minute"},"schema":{"@context":"https:\/\/schema.org","@graph":[{"@type":"WebPage","@id":"https:\/\/hellasgarden.se\/aktiviteter\/spar\/","url":"https:\/\/hellasgarden.se\/aktiviteter\/spar\/","name":"Sp\u00e5r - Hellasg\u00e5rden","isPartOf":{"@id":"https:\/\/hellasgarden.se\/#website"},"datePublished":"2022-09-08T07:49:09+00:00","dateModified":"2022-09-12T08:33:20+00:00","breadcrumb":{"@id":"https:\/\/hellasgarden.se\/aktiviteter\/spar\/#breadcrumb"},"inLanguage":"en-GB","potentialAction":[{"@type":"ReadAction","target":["https:\/\/hellasgarden.se\/aktiviteter\/spar\/"]}]},{"@type":"BreadcrumbList","@id":"https:\/\/hellasgarden.se\/aktiviteter\/spar\/#breadcrumb","itemListElement":[{"@type":"ListItem","position":1,"name":"Hem","item":"https:\/\/hellasgarden.se\/"},{"@type":"ListItem","position":2,"name":"Aktiviteter","item":"https:\/\/hellasgarden.se\/aktiviteter\/"},{"@type":"ListItem","position":3,"name":"Sp\u00e5r"}]},{"@type":"WebSite","@id":"https:\/\/hellasgarden.se\/#website","url":"https:\/\/hellasgarden.se\/","name":"Hellasg\u00e5rden","description":"Din port till naturen","potentialAction":[{"@type":"SearchAction","target":{"@type":"EntryPoint","urlTemplate":"https:\/\/hellasgarden.se\/?s={search_term_string}"},"query-input":"required name=search_term_string"}],"inLanguage":"en-GB"}]}},"_links":{"self":[{"href":"https:\/\/hellasgarden.se\/en\/wp-json\/wp\/v2\/pages\/44116"}],"collection":[{"href":"https:\/\/hellasgarden.se\/en\/wp-json\/wp\/v2\/pages"}],"about":[{"href":"https:\/\/hellasgarden.se\/en\/wp-json\/wp\/v2\/types\/page"}],"author":[{"embeddable":true,"href":"https:\/\/hellasgarden.se\/en\/wp-json\/wp\/v2\/users\/1"}],"replies":[{"embeddable":true,"href":"https:\/\/hellasgarden.se\/en\/wp-json\/wp\/v2\/comments?post=44116"}],"version-history":[{"count":6,"href":"https:\/\/hellasgarden.se\/en\/wp-json\/wp\/v2\/pages\/44116\/revisions"}],"predecessor-version":[{"id":44142,"href":"https:\/\/hellasgarden.se\/en\/wp-json\/wp\/v2\/pages\/44116\/revisions\/44142"}],"up":[{"embeddable":true,"href":"https:\/\/hellasgarden.se\/en\/wp-json\/wp\/v2\/pages\/213"}],"wp:attachment":[{"href":"https:\/\/hellasgarden.se\/en\/wp-json\/wp\/v2\/media?parent=44116"}],"curies":[{"name":"wp","href":"https:\/\/api.w.org\/{rel}","templated":true}]}}