{"id":43856,"date":"2022-06-23T15:23:42","date_gmt":"2022-06-23T13:23:42","guid":{"rendered":"https:\/\/hellasgarden.se\/badminton\/"},"modified":"2022-09-12T10:23:03","modified_gmt":"2022-09-12T08:23:03","slug":"badminton","status":"publish","type":"page","link":"https:\/\/hellasgarden.se\/en\/aktiviteter\/badminton\/","title":{"rendered":"Badminton"},"content":{"rendered":"<div id=\"cs-content\" class=\"cs-content\"><\/div>","protected":false},"excerpt":{"rendered":"<p>BadmintonHomePlay badminton! Welcome to rent our portable badminton net including four rackets and balls.  You can play on any of the grass areas in the neighbourhood, for example next to the gym, at the football field on the other side ... <\/p>\n<div><a href=\"https:\/\/hellasgarden.se\/en\/aktiviteter\/badminton\/\" class=\"more-link\">Read More<\/a><\/div>","protected":false},"author":1,"featured_media":0,"parent":213,"menu_order":0,"comment_status":"closed","ping_status":"closed","template":"template-blank-4.php","meta":{"_monsterinsights_skip_tracking":false,"_monsterinsights_sitenote_active":false,"_monsterinsights_sitenote_note":"","_monsterinsights_sitenote_category":0},"yoast_head":"<!-- This site is optimized with the Yoast SEO plugin v21.8.1 - https:\/\/yoast.com\/wordpress\/plugins\/seo\/ -->\n<title>Badminton - Hellasg\u00e5rden<\/title>\n<meta name=\"robots\" content=\"index, follow, max-snippet:-1, max-image-preview:large, max-video-preview:-1\" \/>\n<link rel=\"canonical\" href=\"https:\/\/hellasgarden.se\/en\/aktiviteter\/badminton\/\" \/>\n<meta property=\"og:locale\" content=\"en_GB\" \/>\n<meta property=\"og:type\" content=\"article\" \/>\n<meta property=\"og:title\" content=\"Badminton - Hellasg\u00e5rden\" \/>\n<meta property=\"og:description\" content=\"BadmintonHemSpela badminton!V\u00e4lkommen att hyra v\u00e5rt portabla badmintonn\u00e4t inklusive fyra racketar och bollar.\u00a0 Du kan spela p\u00e5 n\u00e5gon av gr\u00e4sytorna h\u00e4r i n\u00e4rheten, exempelvis intill utgymmet, vid fotbollsplanen p\u00e5 andra sidan ... Read More\" \/>\n<meta property=\"og:url\" content=\"https:\/\/hellasgarden.se\/en\/aktiviteter\/badminton\/\" \/>\n<meta property=\"og:site_name\" content=\"Hellasg\u00e5rden\" \/>\n<meta property=\"article:modified_time\" content=\"2022-09-12T08:23:03+00:00\" \/>\n<meta name=\"twitter:card\" content=\"summary_large_image\" \/>\n<meta name=\"twitter:label1\" content=\"Estimated reading time\" \/>\n\t<meta name=\"twitter:data1\" content=\"1 minute\" \/>\n<script type=\"application\/ld+json\" class=\"yoast-schema-graph\">{\"@context\":\"https:\/\/schema.org\",\"@graph\":[{\"@type\":\"WebPage\",\"@id\":\"https:\/\/hellasgarden.se\/aktiviteter\/badminton\/\",\"url\":\"https:\/\/hellasgarden.se\/aktiviteter\/badminton\/\",\"name\":\"Badminton - Hellasg\u00e5rden\",\"isPartOf\":{\"@id\":\"https:\/\/hellasgarden.se\/#website\"},\"datePublished\":\"2022-06-23T13:23:42+00:00\",\"dateModified\":\"2022-09-12T08:23:03+00:00\",\"breadcrumb\":{\"@id\":\"https:\/\/hellasgarden.se\/aktiviteter\/badminton\/#breadcrumb\"},\"inLanguage\":\"en-GB\",\"potentialAction\":[{\"@type\":\"ReadAction\",\"target\":[\"https:\/\/hellasgarden.se\/aktiviteter\/badminton\/\"]}]},{\"@type\":\"BreadcrumbList\",\"@id\":\"https:\/\/hellasgarden.se\/aktiviteter\/badminton\/#breadcrumb\",\"itemListElement\":[{\"@type\":\"ListItem\",\"position\":1,\"name\":\"Hem\",\"item\":\"https:\/\/hellasgarden.se\/\"},{\"@type\":\"ListItem\",\"position\":2,\"name\":\"Aktiviteter\",\"item\":\"https:\/\/hellasgarden.se\/aktiviteter\/\"},{\"@type\":\"ListItem\",\"position\":3,\"name\":\"Badminton\"}]},{\"@type\":\"WebSite\",\"@id\":\"https:\/\/hellasgarden.se\/#website\",\"url\":\"https:\/\/hellasgarden.se\/\",\"name\":\"Hellasg\u00e5rden\",\"description\":\"Din port till naturen\",\"potentialAction\":[{\"@type\":\"SearchAction\",\"target\":{\"@type\":\"EntryPoint\",\"urlTemplate\":\"https:\/\/hellasgarden.se\/?s={search_term_string}\"},\"query-input\":\"required name=search_term_string\"}],\"inLanguage\":\"en-GB\"}]}<\/script>\n<!-- \/ Yoast SEO plugin. -->","yoast_head_json":{"title":"Badminton - Hellasg\u00e5rden","robots":{"index":"index","follow":"follow","max-snippet":"max-snippet:-1","max-image-preview":"max-image-preview:large","max-video-preview":"max-video-preview:-1"},"canonical":"https:\/\/hellasgarden.se\/en\/aktiviteter\/badminton\/","og_locale":"en_GB","og_type":"article","og_title":"Badminton - Hellasg\u00e5rden","og_description":"BadmintonHemSpela badminton!V\u00e4lkommen att hyra v\u00e5rt portabla badmintonn\u00e4t inklusive fyra racketar och bollar.\u00a0 Du kan spela p\u00e5 n\u00e5gon av gr\u00e4sytorna h\u00e4r i n\u00e4rheten, exempelvis intill utgymmet, vid fotbollsplanen p\u00e5 andra sidan ... Read More","og_url":"https:\/\/hellasgarden.se\/en\/aktiviteter\/badminton\/","og_site_name":"Hellasg\u00e5rden","article_modified_time":"2022-09-12T08:23:03+00:00","twitter_card":"summary_large_image","twitter_misc":{"Estimated reading time":"1 minute"},"schema":{"@context":"https:\/\/schema.org","@graph":[{"@type":"WebPage","@id":"https:\/\/hellasgarden.se\/aktiviteter\/badminton\/","url":"https:\/\/hellasgarden.se\/aktiviteter\/badminton\/","name":"Badminton - Hellasg\u00e5rden","isPartOf":{"@id":"https:\/\/hellasgarden.se\/#website"},"datePublished":"2022-06-23T13:23:42+00:00","dateModified":"2022-09-12T08:23:03+00:00","breadcrumb":{"@id":"https:\/\/hellasgarden.se\/aktiviteter\/badminton\/#breadcrumb"},"inLanguage":"en-GB","potentialAction":[{"@type":"ReadAction","target":["https:\/\/hellasgarden.se\/aktiviteter\/badminton\/"]}]},{"@type":"BreadcrumbList","@id":"https:\/\/hellasgarden.se\/aktiviteter\/badminton\/#breadcrumb","itemListElement":[{"@type":"ListItem","position":1,"name":"Hem","item":"https:\/\/hellasgarden.se\/"},{"@type":"ListItem","position":2,"name":"Aktiviteter","item":"https:\/\/hellasgarden.se\/aktiviteter\/"},{"@type":"ListItem","position":3,"name":"Badminton"}]},{"@type":"WebSite","@id":"https:\/\/hellasgarden.se\/#website","url":"https:\/\/hellasgarden.se\/","name":"Hellasg\u00e5rden","description":"Din port till naturen","potentialAction":[{"@type":"SearchAction","target":{"@type":"EntryPoint","urlTemplate":"https:\/\/hellasgarden.se\/?s={search_term_string}"},"query-input":"required name=search_term_string"}],"inLanguage":"en-GB"}]}},"_links":{"self":[{"href":"https:\/\/hellasgarden.se\/en\/wp-json\/wp\/v2\/pages\/43856"}],"collection":[{"href":"https:\/\/hellasgarden.se\/en\/wp-json\/wp\/v2\/pages"}],"about":[{"href":"https:\/\/hellasgarden.se\/en\/wp-json\/wp\/v2\/types\/page"}],"author":[{"embeddable":true,"href":"https:\/\/hellasgarden.se\/en\/wp-json\/wp\/v2\/users\/1"}],"replies":[{"embeddable":true,"href":"https:\/\/hellasgarden.se\/en\/wp-json\/wp\/v2\/comments?post=43856"}],"version-history":[{"count":6,"href":"https:\/\/hellasgarden.se\/en\/wp-json\/wp\/v2\/pages\/43856\/revisions"}],"predecessor-version":[{"id":43961,"href":"https:\/\/hellasgarden.se\/en\/wp-json\/wp\/v2\/pages\/43856\/revisions\/43961"}],"up":[{"embeddable":true,"href":"https:\/\/hellasgarden.se\/en\/wp-json\/wp\/v2\/pages\/213"}],"wp:attachment":[{"href":"https:\/\/hellasgarden.se\/en\/wp-json\/wp\/v2\/media?parent=43856"}],"curies":[{"name":"wp","href":"https:\/\/api.w.org\/{rel}","templated":true}]}}