{"id":43027,"date":"2021-08-17T16:19:43","date_gmt":"2021-08-17T14:19:43","guid":{"rendered":"https:\/\/hellasgarden.se\/hem-ny\/"},"modified":"2026-03-20T09:39:29","modified_gmt":"2026-03-20T08:39:29","slug":"hem","status":"publish","type":"page","link":"https:\/\/hellasgarden.se\/en\/","title":{"rendered":"home"},"content":{"rendered":"<div id=\"cs-content\" class=\"cs-content\"><\/div>","protected":false},"excerpt":{"rendered":"<p>WELCOME TO HELLAS GARDENYour gateway to nature15 min from the cityMore about usArrange with usStatusWeatherReception Monday - Friday: 8:45-20:30 Saturday - Sunday: 9:15-17:30 Sj\u00f6caf\u00e9et Every day 9-16, except Saturdays - 9-17 ... <\/p>\n<div><a href=\"https:\/\/hellasgarden.se\/en\/events\/aufguss-arombastu-pa-onsdagskvallar-757\/\" class=\"more-link\">Read More<\/a><\/div>","protected":false},"author":1,"featured_media":0,"parent":0,"menu_order":0,"comment_status":"closed","ping_status":"closed","template":"template-blank-4.php","meta":{"_monsterinsights_skip_tracking":false,"_monsterinsights_sitenote_active":false,"_monsterinsights_sitenote_note":"","_monsterinsights_sitenote_category":0},"yoast_head":"<!-- This site is optimized with the Yoast SEO plugin v21.8.1 - https:\/\/yoast.com\/wordpress\/plugins\/seo\/ -->\n<title>hem - Hellasg\u00e5rden<\/title>\n<meta name=\"robots\" content=\"index, follow, max-snippet:-1, max-image-preview:large, max-video-preview:-1\" \/>\n<link rel=\"canonical\" href=\"https:\/\/hellasgarden.se\/en\/\" \/>\n<meta property=\"og:locale\" content=\"en_GB\" \/>\n<meta property=\"og:type\" content=\"article\" \/>\n<meta property=\"og:title\" content=\"hem - Hellasg\u00e5rden\" \/>\n<meta property=\"og:description\" content=\"V\u00c4LKOMMEN TILL HELLASG\u00c5RDENDin port till naturen15 min fr&aring;n cityMer om ossArrangera hos ossStatusV\u00e4derReception M\u00e5ndag - Fredag: 8:45-20:30 L\u00f6rdag - S\u00f6ndag: 9:15-17:30 Sj\u00f6caf\u00e9et Varje dag kl. 9-16, f\u00f6rutom l\u00f6rdagar - kl.9-17 ... Read More\" \/>\n<meta property=\"og:url\" content=\"https:\/\/hellasgarden.se\/en\/\" \/>\n<meta property=\"og:site_name\" content=\"Hellasg\u00e5rden\" \/>\n<meta property=\"article:modified_time\" content=\"2026-03-20T08:39:29+00:00\" \/>\n<meta name=\"twitter:card\" content=\"summary_large_image\" \/>\n<meta name=\"twitter:label1\" content=\"Estimated reading time\" \/>\n\t<meta name=\"twitter:data1\" content=\"7 minutes\" \/>\n<script type=\"application\/ld+json\" class=\"yoast-schema-graph\">{\"@context\":\"https:\/\/schema.org\",\"@graph\":[{\"@type\":\"WebPage\",\"@id\":\"https:\/\/hellasgarden.se\/\",\"url\":\"https:\/\/hellasgarden.se\/\",\"name\":\"hem - Hellasg\u00e5rden\",\"isPartOf\":{\"@id\":\"https:\/\/hellasgarden.se\/#website\"},\"datePublished\":\"2021-08-17T14:19:43+00:00\",\"dateModified\":\"2026-03-20T08:39:29+00:00\",\"breadcrumb\":{\"@id\":\"https:\/\/hellasgarden.se\/#breadcrumb\"},\"inLanguage\":\"en-GB\",\"potentialAction\":[{\"@type\":\"ReadAction\",\"target\":[\"https:\/\/hellasgarden.se\/\"]}]},{\"@type\":\"BreadcrumbList\",\"@id\":\"https:\/\/hellasgarden.se\/#breadcrumb\",\"itemListElement\":[{\"@type\":\"ListItem\",\"position\":1,\"name\":\"Hem\",\"item\":\"https:\/\/hellasgarden.se\/\"},{\"@type\":\"ListItem\",\"position\":2,\"name\":\"hem\"}]},{\"@type\":\"WebSite\",\"@id\":\"https:\/\/hellasgarden.se\/#website\",\"url\":\"https:\/\/hellasgarden.se\/\",\"name\":\"Hellasg\u00e5rden\",\"description\":\"Din port till naturen\",\"potentialAction\":[{\"@type\":\"SearchAction\",\"target\":{\"@type\":\"EntryPoint\",\"urlTemplate\":\"https:\/\/hellasgarden.se\/?s={search_term_string}\"},\"query-input\":\"required name=search_term_string\"}],\"inLanguage\":\"en-GB\"}]}<\/script>\n<!-- \/ Yoast SEO plugin. -->","yoast_head_json":{"title":"hem - Hellasg\u00e5rden","robots":{"index":"index","follow":"follow","max-snippet":"max-snippet:-1","max-image-preview":"max-image-preview:large","max-video-preview":"max-video-preview:-1"},"canonical":"https:\/\/hellasgarden.se\/en\/","og_locale":"en_GB","og_type":"article","og_title":"hem - Hellasg\u00e5rden","og_description":"V\u00c4LKOMMEN TILL HELLASG\u00c5RDENDin port till naturen15 min fr&aring;n cityMer om ossArrangera hos ossStatusV\u00e4derReception M\u00e5ndag - Fredag: 8:45-20:30 L\u00f6rdag - S\u00f6ndag: 9:15-17:30 Sj\u00f6caf\u00e9et Varje dag kl. 9-16, f\u00f6rutom l\u00f6rdagar - kl.9-17 ... Read More","og_url":"https:\/\/hellasgarden.se\/en\/","og_site_name":"Hellasg\u00e5rden","article_modified_time":"2026-03-20T08:39:29+00:00","twitter_card":"summary_large_image","twitter_misc":{"Estimated reading time":"7 minutes"},"schema":{"@context":"https:\/\/schema.org","@graph":[{"@type":"WebPage","@id":"https:\/\/hellasgarden.se\/","url":"https:\/\/hellasgarden.se\/","name":"hem - Hellasg\u00e5rden","isPartOf":{"@id":"https:\/\/hellasgarden.se\/#website"},"datePublished":"2021-08-17T14:19:43+00:00","dateModified":"2026-03-20T08:39:29+00:00","breadcrumb":{"@id":"https:\/\/hellasgarden.se\/#breadcrumb"},"inLanguage":"en-GB","potentialAction":[{"@type":"ReadAction","target":["https:\/\/hellasgarden.se\/"]}]},{"@type":"BreadcrumbList","@id":"https:\/\/hellasgarden.se\/#breadcrumb","itemListElement":[{"@type":"ListItem","position":1,"name":"Hem","item":"https:\/\/hellasgarden.se\/"},{"@type":"ListItem","position":2,"name":"hem"}]},{"@type":"WebSite","@id":"https:\/\/hellasgarden.se\/#website","url":"https:\/\/hellasgarden.se\/","name":"Hellasg\u00e5rden","description":"Din port till naturen","potentialAction":[{"@type":"SearchAction","target":{"@type":"EntryPoint","urlTemplate":"https:\/\/hellasgarden.se\/?s={search_term_string}"},"query-input":"required name=search_term_string"}],"inLanguage":"en-GB"}]}},"_links":{"self":[{"href":"https:\/\/hellasgarden.se\/en\/wp-json\/wp\/v2\/pages\/43027"}],"collection":[{"href":"https:\/\/hellasgarden.se\/en\/wp-json\/wp\/v2\/pages"}],"about":[{"href":"https:\/\/hellasgarden.se\/en\/wp-json\/wp\/v2\/types\/page"}],"author":[{"embeddable":true,"href":"https:\/\/hellasgarden.se\/en\/wp-json\/wp\/v2\/users\/1"}],"replies":[{"embeddable":true,"href":"https:\/\/hellasgarden.se\/en\/wp-json\/wp\/v2\/comments?post=43027"}],"version-history":[{"count":46,"href":"https:\/\/hellasgarden.se\/en\/wp-json\/wp\/v2\/pages\/43027\/revisions"}],"predecessor-version":[{"id":46439,"href":"https:\/\/hellasgarden.se\/en\/wp-json\/wp\/v2\/pages\/43027\/revisions\/46439"}],"wp:attachment":[{"href":"https:\/\/hellasgarden.se\/en\/wp-json\/wp\/v2\/media?parent=43027"}],"curies":[{"name":"wp","href":"https:\/\/api.w.org\/{rel}","templated":true}]}}