{"id":3107,"date":"2020-05-13T15:34:59","date_gmt":"2020-05-13T13:34:59","guid":{"rendered":"http:\/\/hellasgarden.se\/?page_id=3107"},"modified":"2024-06-19T11:44:38","modified_gmt":"2024-06-19T09:44:38","slug":"swimrun","status":"publish","type":"page","link":"https:\/\/hellasgarden.se\/en\/aktiviteter\/swimrun\/","title":{"rendered":"Swimrun"},"content":{"rendered":"<div id=\"cs-content\" class=\"cs-content\"><\/div>","protected":false},"excerpt":{"rendered":"<p>Swimrun HomeStockholm Swimrun Centre at Hellasg\u00e5rden in Stockholm Here you can download the swimrun track and all other tracks at Hellasg\u00e5rden Swimrun has become something of a classic activity at Hellasg\u00e5rden after ... <\/p>\n<div><a href=\"https:\/\/hellasgarden.se\/en\/aktiviteter\/swimrun\/\" class=\"more-link\">Read More<\/a><\/div>","protected":false},"author":1,"featured_media":0,"parent":213,"menu_order":1,"comment_status":"closed","ping_status":"closed","template":"template-blank-4.php","meta":{"_monsterinsights_skip_tracking":false,"_monsterinsights_sitenote_active":false,"_monsterinsights_sitenote_note":"","_monsterinsights_sitenote_category":0},"yoast_head":"<!-- This site is optimized with the Yoast SEO plugin v21.8.1 - https:\/\/yoast.com\/wordpress\/plugins\/seo\/ -->\n<title>Swimrun i Stockholm - Hellasg\u00e5rden<\/title>\n<meta name=\"description\" content=\"Swimrun har blivit n\u00e5got av en klassisk aktivitet vid Hellasg\u00e5rden efter att swimrunners fr\u00e5n Stockholm med omnejd har tr\u00e4nat och t\u00e4vlat h\u00e4r sedan sporten tog form i b\u00f6rjan av 2010-talet.\" \/>\n<meta name=\"robots\" content=\"index, follow, max-snippet:-1, max-image-preview:large, max-video-preview:-1\" \/>\n<link rel=\"canonical\" href=\"https:\/\/hellasgarden.se\/en\/aktiviteter\/swimrun\/\" \/>\n<meta property=\"og:locale\" content=\"en_GB\" \/>\n<meta property=\"og:type\" content=\"article\" \/>\n<meta property=\"og:title\" content=\"Swimrun i Stockholm - Hellasg\u00e5rden\" \/>\n<meta property=\"og:description\" content=\"Swimrun har blivit n\u00e5got av en klassisk aktivitet vid Hellasg\u00e5rden efter att swimrunners fr\u00e5n Stockholm med omnejd har tr\u00e4nat och t\u00e4vlat h\u00e4r sedan sporten tog form i b\u00f6rjan av 2010-talet.\" \/>\n<meta property=\"og:url\" content=\"https:\/\/hellasgarden.se\/en\/aktiviteter\/swimrun\/\" \/>\n<meta property=\"og:site_name\" content=\"Hellasg\u00e5rden\" \/>\n<meta property=\"article:modified_time\" content=\"2024-06-19T09:44:38+00:00\" \/>\n<meta property=\"og:image\" content=\"http:\/\/hellasgarden.se\/wp-content\/uploads\/2024\/06\/spar-hellas-2024.jpg\" \/>\n<meta name=\"twitter:card\" content=\"summary_large_image\" \/>\n<meta name=\"twitter:label1\" content=\"Estimated reading time\" \/>\n\t<meta name=\"twitter:data1\" content=\"3 minutes\" \/>\n<script type=\"application\/ld+json\" class=\"yoast-schema-graph\">{\"@context\":\"https:\/\/schema.org\",\"@graph\":[{\"@type\":\"WebPage\",\"@id\":\"https:\/\/hellasgarden.se\/aktiviteter\/swimrun\/\",\"url\":\"https:\/\/hellasgarden.se\/aktiviteter\/swimrun\/\",\"name\":\"Swimrun i Stockholm - Hellasg\u00e5rden\",\"isPartOf\":{\"@id\":\"https:\/\/hellasgarden.se\/#website\"},\"datePublished\":\"2020-05-13T13:34:59+00:00\",\"dateModified\":\"2024-06-19T09:44:38+00:00\",\"description\":\"Swimrun har blivit n\u00e5got av en klassisk aktivitet vid Hellasg\u00e5rden efter att swimrunners fr\u00e5n Stockholm med omnejd har tr\u00e4nat och t\u00e4vlat h\u00e4r sedan sporten tog form i b\u00f6rjan av 2010-talet.\",\"breadcrumb\":{\"@id\":\"https:\/\/hellasgarden.se\/aktiviteter\/swimrun\/#breadcrumb\"},\"inLanguage\":\"en-GB\",\"potentialAction\":[{\"@type\":\"ReadAction\",\"target\":[\"https:\/\/hellasgarden.se\/aktiviteter\/swimrun\/\"]}]},{\"@type\":\"BreadcrumbList\",\"@id\":\"https:\/\/hellasgarden.se\/aktiviteter\/swimrun\/#breadcrumb\",\"itemListElement\":[{\"@type\":\"ListItem\",\"position\":1,\"name\":\"Hem\",\"item\":\"https:\/\/hellasgarden.se\/\"},{\"@type\":\"ListItem\",\"position\":2,\"name\":\"Aktiviteter\",\"item\":\"https:\/\/hellasgarden.se\/aktiviteter\/\"},{\"@type\":\"ListItem\",\"position\":3,\"name\":\"Swimrun\"}]},{\"@type\":\"WebSite\",\"@id\":\"https:\/\/hellasgarden.se\/#website\",\"url\":\"https:\/\/hellasgarden.se\/\",\"name\":\"Hellasg\u00e5rden\",\"description\":\"Din port till naturen\",\"potentialAction\":[{\"@type\":\"SearchAction\",\"target\":{\"@type\":\"EntryPoint\",\"urlTemplate\":\"https:\/\/hellasgarden.se\/?s={search_term_string}\"},\"query-input\":\"required name=search_term_string\"}],\"inLanguage\":\"en-GB\"}]}<\/script>\n<!-- \/ Yoast SEO plugin. -->","yoast_head_json":{"title":"Swimrun i Stockholm - Hellasg\u00e5rden","description":"Swimrun har blivit n\u00e5got av en klassisk aktivitet vid Hellasg\u00e5rden efter att swimrunners fr\u00e5n Stockholm med omnejd har tr\u00e4nat och t\u00e4vlat h\u00e4r sedan sporten tog form i b\u00f6rjan av 2010-talet.","robots":{"index":"index","follow":"follow","max-snippet":"max-snippet:-1","max-image-preview":"max-image-preview:large","max-video-preview":"max-video-preview:-1"},"canonical":"https:\/\/hellasgarden.se\/en\/aktiviteter\/swimrun\/","og_locale":"en_GB","og_type":"article","og_title":"Swimrun i Stockholm - Hellasg\u00e5rden","og_description":"Swimrun har blivit n\u00e5got av en klassisk aktivitet vid Hellasg\u00e5rden efter att swimrunners fr\u00e5n Stockholm med omnejd har tr\u00e4nat och t\u00e4vlat h\u00e4r sedan sporten tog form i b\u00f6rjan av 2010-talet.","og_url":"https:\/\/hellasgarden.se\/en\/aktiviteter\/swimrun\/","og_site_name":"Hellasg\u00e5rden","article_modified_time":"2024-06-19T09:44:38+00:00","og_image":[{"url":"http:\/\/hellasgarden.se\/wp-content\/uploads\/2024\/06\/spar-hellas-2024.jpg"}],"twitter_card":"summary_large_image","twitter_misc":{"Estimated reading time":"3 minutes"},"schema":{"@context":"https:\/\/schema.org","@graph":[{"@type":"WebPage","@id":"https:\/\/hellasgarden.se\/aktiviteter\/swimrun\/","url":"https:\/\/hellasgarden.se\/aktiviteter\/swimrun\/","name":"Swimrun i Stockholm - Hellasg\u00e5rden","isPartOf":{"@id":"https:\/\/hellasgarden.se\/#website"},"datePublished":"2020-05-13T13:34:59+00:00","dateModified":"2024-06-19T09:44:38+00:00","description":"Swimrun har blivit n\u00e5got av en klassisk aktivitet vid Hellasg\u00e5rden efter att swimrunners fr\u00e5n Stockholm med omnejd har tr\u00e4nat och t\u00e4vlat h\u00e4r sedan sporten tog form i b\u00f6rjan av 2010-talet.","breadcrumb":{"@id":"https:\/\/hellasgarden.se\/aktiviteter\/swimrun\/#breadcrumb"},"inLanguage":"en-GB","potentialAction":[{"@type":"ReadAction","target":["https:\/\/hellasgarden.se\/aktiviteter\/swimrun\/"]}]},{"@type":"BreadcrumbList","@id":"https:\/\/hellasgarden.se\/aktiviteter\/swimrun\/#breadcrumb","itemListElement":[{"@type":"ListItem","position":1,"name":"Hem","item":"https:\/\/hellasgarden.se\/"},{"@type":"ListItem","position":2,"name":"Aktiviteter","item":"https:\/\/hellasgarden.se\/aktiviteter\/"},{"@type":"ListItem","position":3,"name":"Swimrun"}]},{"@type":"WebSite","@id":"https:\/\/hellasgarden.se\/#website","url":"https:\/\/hellasgarden.se\/","name":"Hellasg\u00e5rden","description":"Din port till naturen","potentialAction":[{"@type":"SearchAction","target":{"@type":"EntryPoint","urlTemplate":"https:\/\/hellasgarden.se\/?s={search_term_string}"},"query-input":"required name=search_term_string"}],"inLanguage":"en-GB"}]}},"_links":{"self":[{"href":"https:\/\/hellasgarden.se\/en\/wp-json\/wp\/v2\/pages\/3107"}],"collection":[{"href":"https:\/\/hellasgarden.se\/en\/wp-json\/wp\/v2\/pages"}],"about":[{"href":"https:\/\/hellasgarden.se\/en\/wp-json\/wp\/v2\/types\/page"}],"author":[{"embeddable":true,"href":"https:\/\/hellasgarden.se\/en\/wp-json\/wp\/v2\/users\/1"}],"replies":[{"embeddable":true,"href":"https:\/\/hellasgarden.se\/en\/wp-json\/wp\/v2\/comments?post=3107"}],"version-history":[{"count":46,"href":"https:\/\/hellasgarden.se\/en\/wp-json\/wp\/v2\/pages\/3107\/revisions"}],"predecessor-version":[{"id":45598,"href":"https:\/\/hellasgarden.se\/en\/wp-json\/wp\/v2\/pages\/3107\/revisions\/45598"}],"up":[{"embeddable":true,"href":"https:\/\/hellasgarden.se\/en\/wp-json\/wp\/v2\/pages\/213"}],"wp:attachment":[{"href":"https:\/\/hellasgarden.se\/en\/wp-json\/wp\/v2\/media?parent=3107"}],"curies":[{"name":"wp","href":"https:\/\/api.w.org\/{rel}","templated":true}]}}