{"id":2592,"date":"2019-08-29T20:32:21","date_gmt":"2019-08-29T18:32:21","guid":{"rendered":"http:\/\/hellasgarden.se\/?page_id=2592"},"modified":"2019-08-29T21:02:08","modified_gmt":"2019-08-29T19:02:08","slug":"skolor-bokningsbara-tider","status":"publish","type":"page","link":"https:\/\/hellasgarden.se\/en\/skolor-bokningsbara-tider\/","title":{"rendered":"Bookable times"},"content":{"rendered":"<h5 class=\"wp-block-heading\">Bookable times&nbsp;<\/h5>\n\n\n\n<p>Schools are welcome to book the sauna and changing rooms for ice hockey practice:<\/p>\n\n\n\n<p>Tuesdays 08:00-12:00<\/p>\n\n\n\n<p>Wednesdays 08:00-12:00<\/p>\n\n\n\n<p>Thursdays 08:00-12:00<\/p>\n\n\n\n<p>Fridays 08:00-12:00<\/p>\n\n\n\n<p>Please note that booking a changing room and sauna for ice hockey practice does not mean that you have exclusive use of the facility. Other guests have the right to use the facility during your booking. Before 10:00 am residents and annual pass holders have access and from 10:00 am the facility is open to the public.<\/p>\n\n\n\n<p>Back<\/p>","protected":false},"excerpt":{"rendered":"<p>Bookable times Schools are welcome to book the sauna and changing rooms for ice-skating practice: Tuesdays 08:00-12:00 Wednesdays 08:00-12:00 Thursdays 08:00-12:00 Fridays 08:00-12:00 Please note that booking of changing rooms and ... <\/p>\n<div><a href=\"https:\/\/hellasgarden.se\/en\/skolor-bokningsbara-tider\/\" class=\"more-link\">Read More<\/a><\/div>","protected":false},"author":1,"featured_media":0,"parent":0,"menu_order":0,"comment_status":"closed","ping_status":"closed","template":"","meta":{"_monsterinsights_skip_tracking":false,"_monsterinsights_sitenote_active":false,"_monsterinsights_sitenote_note":"","_monsterinsights_sitenote_category":0},"yoast_head":"<!-- This site is optimized with the Yoast SEO plugin v21.8.1 - https:\/\/yoast.com\/wordpress\/plugins\/seo\/ -->\n<title>Bokningsbara tider - Hellasg\u00e5rden<\/title>\n<meta name=\"robots\" content=\"index, follow, max-snippet:-1, max-image-preview:large, max-video-preview:-1\" \/>\n<link rel=\"canonical\" href=\"https:\/\/hellasgarden.se\/en\/skolor-bokningsbara-tider\/\" \/>\n<meta property=\"og:locale\" content=\"en_GB\" \/>\n<meta property=\"og:type\" content=\"article\" \/>\n<meta property=\"og:title\" content=\"Bokningsbara tider - Hellasg\u00e5rden\" \/>\n<meta property=\"og:description\" content=\"Bokningsbara tider&nbsp; Skolor \u00e4r v\u00e4lkomna att boka bastu och omkl\u00e4dningsrum f\u00f6r isvaks\u00f6vningar: Tisdagar kl 08:00-12:00 Onsdagar kl 08:00-12:00 Torsdagar kl 08:00-12:00 Fredagar kl 08:00-12:00 Observera att bokning av omkl\u00e4dningsrum och ... Read More\" \/>\n<meta property=\"og:url\" content=\"https:\/\/hellasgarden.se\/en\/skolor-bokningsbara-tider\/\" \/>\n<meta property=\"og:site_name\" content=\"Hellasg\u00e5rden\" \/>\n<meta property=\"article:modified_time\" content=\"2019-08-29T19:02:08+00:00\" \/>\n<meta name=\"twitter:card\" content=\"summary_large_image\" \/>\n<script type=\"application\/ld+json\" class=\"yoast-schema-graph\">{\"@context\":\"https:\/\/schema.org\",\"@graph\":[{\"@type\":\"WebPage\",\"@id\":\"https:\/\/hellasgarden.se\/skolor-bokningsbara-tider\/\",\"url\":\"https:\/\/hellasgarden.se\/skolor-bokningsbara-tider\/\",\"name\":\"Bokningsbara tider - Hellasg\u00e5rden\",\"isPartOf\":{\"@id\":\"https:\/\/hellasgarden.se\/#website\"},\"datePublished\":\"2019-08-29T18:32:21+00:00\",\"dateModified\":\"2019-08-29T19:02:08+00:00\",\"breadcrumb\":{\"@id\":\"https:\/\/hellasgarden.se\/skolor-bokningsbara-tider\/#breadcrumb\"},\"inLanguage\":\"en-GB\",\"potentialAction\":[{\"@type\":\"ReadAction\",\"target\":[\"https:\/\/hellasgarden.se\/skolor-bokningsbara-tider\/\"]}]},{\"@type\":\"BreadcrumbList\",\"@id\":\"https:\/\/hellasgarden.se\/skolor-bokningsbara-tider\/#breadcrumb\",\"itemListElement\":[{\"@type\":\"ListItem\",\"position\":1,\"name\":\"Hem\",\"item\":\"https:\/\/hellasgarden.se\/\"},{\"@type\":\"ListItem\",\"position\":2,\"name\":\"Bokningsbara tider\"}]},{\"@type\":\"WebSite\",\"@id\":\"https:\/\/hellasgarden.se\/#website\",\"url\":\"https:\/\/hellasgarden.se\/\",\"name\":\"Hellasg\u00e5rden\",\"description\":\"Din port till naturen\",\"potentialAction\":[{\"@type\":\"SearchAction\",\"target\":{\"@type\":\"EntryPoint\",\"urlTemplate\":\"https:\/\/hellasgarden.se\/?s={search_term_string}\"},\"query-input\":\"required name=search_term_string\"}],\"inLanguage\":\"en-GB\"}]}<\/script>\n<!-- \/ Yoast SEO plugin. -->","yoast_head_json":{"title":"Bokningsbara tider - Hellasg\u00e5rden","robots":{"index":"index","follow":"follow","max-snippet":"max-snippet:-1","max-image-preview":"max-image-preview:large","max-video-preview":"max-video-preview:-1"},"canonical":"https:\/\/hellasgarden.se\/en\/skolor-bokningsbara-tider\/","og_locale":"en_GB","og_type":"article","og_title":"Bokningsbara tider - Hellasg\u00e5rden","og_description":"Bokningsbara tider&nbsp; Skolor \u00e4r v\u00e4lkomna att boka bastu och omkl\u00e4dningsrum f\u00f6r isvaks\u00f6vningar: Tisdagar kl 08:00-12:00 Onsdagar kl 08:00-12:00 Torsdagar kl 08:00-12:00 Fredagar kl 08:00-12:00 Observera att bokning av omkl\u00e4dningsrum och ... Read More","og_url":"https:\/\/hellasgarden.se\/en\/skolor-bokningsbara-tider\/","og_site_name":"Hellasg\u00e5rden","article_modified_time":"2019-08-29T19:02:08+00:00","twitter_card":"summary_large_image","schema":{"@context":"https:\/\/schema.org","@graph":[{"@type":"WebPage","@id":"https:\/\/hellasgarden.se\/skolor-bokningsbara-tider\/","url":"https:\/\/hellasgarden.se\/skolor-bokningsbara-tider\/","name":"Bokningsbara tider - Hellasg\u00e5rden","isPartOf":{"@id":"https:\/\/hellasgarden.se\/#website"},"datePublished":"2019-08-29T18:32:21+00:00","dateModified":"2019-08-29T19:02:08+00:00","breadcrumb":{"@id":"https:\/\/hellasgarden.se\/skolor-bokningsbara-tider\/#breadcrumb"},"inLanguage":"en-GB","potentialAction":[{"@type":"ReadAction","target":["https:\/\/hellasgarden.se\/skolor-bokningsbara-tider\/"]}]},{"@type":"BreadcrumbList","@id":"https:\/\/hellasgarden.se\/skolor-bokningsbara-tider\/#breadcrumb","itemListElement":[{"@type":"ListItem","position":1,"name":"Hem","item":"https:\/\/hellasgarden.se\/"},{"@type":"ListItem","position":2,"name":"Bokningsbara tider"}]},{"@type":"WebSite","@id":"https:\/\/hellasgarden.se\/#website","url":"https:\/\/hellasgarden.se\/","name":"Hellasg\u00e5rden","description":"Din port till naturen","potentialAction":[{"@type":"SearchAction","target":{"@type":"EntryPoint","urlTemplate":"https:\/\/hellasgarden.se\/?s={search_term_string}"},"query-input":"required name=search_term_string"}],"inLanguage":"en-GB"}]}},"_links":{"self":[{"href":"https:\/\/hellasgarden.se\/en\/wp-json\/wp\/v2\/pages\/2592"}],"collection":[{"href":"https:\/\/hellasgarden.se\/en\/wp-json\/wp\/v2\/pages"}],"about":[{"href":"https:\/\/hellasgarden.se\/en\/wp-json\/wp\/v2\/types\/page"}],"author":[{"embeddable":true,"href":"https:\/\/hellasgarden.se\/en\/wp-json\/wp\/v2\/users\/1"}],"replies":[{"embeddable":true,"href":"https:\/\/hellasgarden.se\/en\/wp-json\/wp\/v2\/comments?post=2592"}],"version-history":[{"count":0,"href":"https:\/\/hellasgarden.se\/en\/wp-json\/wp\/v2\/pages\/2592\/revisions"}],"wp:attachment":[{"href":"https:\/\/hellasgarden.se\/en\/wp-json\/wp\/v2\/media?parent=2592"}],"curies":[{"name":"wp","href":"https:\/\/api.w.org\/{rel}","templated":true}]}}