{"id":199,"date":"2018-10-17T07:40:58","date_gmt":"2018-10-17T05:40:58","guid":{"rendered":"http:\/\/hellasgarden.se\/?page_id=199"},"modified":"2026-01-30T15:11:27","modified_gmt":"2026-01-30T14:11:27","slug":"skolor","status":"publish","type":"page","link":"https:\/\/hellasgarden.se\/en\/skolor\/","title":{"rendered":"Schools"},"content":{"rendered":"<div id=\"cs-content\" class=\"cs-content\"><\/div>","protected":false},"excerpt":{"rendered":"<p>SchoolsSwimming lessons, orienteering days, skiing and skatingHellasg\u00e5rden is a popular destination for schools in and around Stockholm. Many schools organise recurring parts of their activities here, so the school needs to notify the reception if ... <\/p>\n<div><a href=\"https:\/\/hellasgarden.se\/en\/skolor\/\" class=\"more-link\">Read More<\/a><\/div>","protected":false},"author":1,"featured_media":0,"parent":0,"menu_order":0,"comment_status":"closed","ping_status":"closed","template":"template-blank-4.php","meta":{"_monsterinsights_skip_tracking":false,"_monsterinsights_sitenote_active":false,"_monsterinsights_sitenote_note":"","_monsterinsights_sitenote_category":0},"yoast_head":"<!-- This site is optimized with the Yoast SEO plugin v21.8.1 - https:\/\/yoast.com\/wordpress\/plugins\/seo\/ -->\n<title>Skolor - Hellasg\u00e5rden<\/title>\n<meta name=\"robots\" content=\"index, follow, max-snippet:-1, max-image-preview:large, max-video-preview:-1\" \/>\n<link rel=\"canonical\" href=\"https:\/\/hellasgarden.se\/en\/skolor\/\" \/>\n<meta property=\"og:locale\" content=\"en_GB\" \/>\n<meta property=\"og:type\" content=\"article\" \/>\n<meta property=\"og:title\" content=\"Skolor - Hellasg\u00e5rden\" \/>\n<meta property=\"og:description\" content=\"SkolorIsvaks\u00f6vningar, orienteringsdagar, skidor och skridskorHellasg\u00e5rden \u00e4r ett popul\u00e4rt utflyktsm\u00e5l f\u00f6r skolor i och kring Stockholm. M\u00e5nga skolor f\u00f6rl\u00e4gger \u00e5terkommande delar av sina verksamheter h\u00e4r d\u00e4rf\u00f6r skolan beh\u00f6ver meddela receptionen om ... Read More\" \/>\n<meta property=\"og:url\" content=\"https:\/\/hellasgarden.se\/en\/skolor\/\" \/>\n<meta property=\"og:site_name\" content=\"Hellasg\u00e5rden\" \/>\n<meta property=\"article:modified_time\" content=\"2026-01-30T14:11:27+00:00\" \/>\n<meta name=\"twitter:card\" content=\"summary_large_image\" \/>\n<meta name=\"twitter:label1\" content=\"Estimated reading time\" \/>\n\t<meta name=\"twitter:data1\" content=\"13 minutes\" \/>\n<script type=\"application\/ld+json\" class=\"yoast-schema-graph\">{\"@context\":\"https:\/\/schema.org\",\"@graph\":[{\"@type\":\"WebPage\",\"@id\":\"https:\/\/hellasgarden.se\/skolor\/\",\"url\":\"https:\/\/hellasgarden.se\/skolor\/\",\"name\":\"Skolor - Hellasg\u00e5rden\",\"isPartOf\":{\"@id\":\"https:\/\/hellasgarden.se\/#website\"},\"datePublished\":\"2018-10-17T05:40:58+00:00\",\"dateModified\":\"2026-01-30T14:11:27+00:00\",\"breadcrumb\":{\"@id\":\"https:\/\/hellasgarden.se\/skolor\/#breadcrumb\"},\"inLanguage\":\"en-GB\",\"potentialAction\":[{\"@type\":\"ReadAction\",\"target\":[\"https:\/\/hellasgarden.se\/skolor\/\"]}]},{\"@type\":\"BreadcrumbList\",\"@id\":\"https:\/\/hellasgarden.se\/skolor\/#breadcrumb\",\"itemListElement\":[{\"@type\":\"ListItem\",\"position\":1,\"name\":\"Hem\",\"item\":\"https:\/\/hellasgarden.se\/\"},{\"@type\":\"ListItem\",\"position\":2,\"name\":\"Skolor\"}]},{\"@type\":\"WebSite\",\"@id\":\"https:\/\/hellasgarden.se\/#website\",\"url\":\"https:\/\/hellasgarden.se\/\",\"name\":\"Hellasg\u00e5rden\",\"description\":\"Din port till naturen\",\"potentialAction\":[{\"@type\":\"SearchAction\",\"target\":{\"@type\":\"EntryPoint\",\"urlTemplate\":\"https:\/\/hellasgarden.se\/?s={search_term_string}\"},\"query-input\":\"required name=search_term_string\"}],\"inLanguage\":\"en-GB\"}]}<\/script>\n<!-- \/ Yoast SEO plugin. -->","yoast_head_json":{"title":"Skolor - Hellasg\u00e5rden","robots":{"index":"index","follow":"follow","max-snippet":"max-snippet:-1","max-image-preview":"max-image-preview:large","max-video-preview":"max-video-preview:-1"},"canonical":"https:\/\/hellasgarden.se\/en\/skolor\/","og_locale":"en_GB","og_type":"article","og_title":"Skolor - Hellasg\u00e5rden","og_description":"SkolorIsvaks\u00f6vningar, orienteringsdagar, skidor och skridskorHellasg\u00e5rden \u00e4r ett popul\u00e4rt utflyktsm\u00e5l f\u00f6r skolor i och kring Stockholm. M\u00e5nga skolor f\u00f6rl\u00e4gger \u00e5terkommande delar av sina verksamheter h\u00e4r d\u00e4rf\u00f6r skolan beh\u00f6ver meddela receptionen om ... Read More","og_url":"https:\/\/hellasgarden.se\/en\/skolor\/","og_site_name":"Hellasg\u00e5rden","article_modified_time":"2026-01-30T14:11:27+00:00","twitter_card":"summary_large_image","twitter_misc":{"Estimated reading time":"13 minutes"},"schema":{"@context":"https:\/\/schema.org","@graph":[{"@type":"WebPage","@id":"https:\/\/hellasgarden.se\/skolor\/","url":"https:\/\/hellasgarden.se\/skolor\/","name":"Skolor - Hellasg\u00e5rden","isPartOf":{"@id":"https:\/\/hellasgarden.se\/#website"},"datePublished":"2018-10-17T05:40:58+00:00","dateModified":"2026-01-30T14:11:27+00:00","breadcrumb":{"@id":"https:\/\/hellasgarden.se\/skolor\/#breadcrumb"},"inLanguage":"en-GB","potentialAction":[{"@type":"ReadAction","target":["https:\/\/hellasgarden.se\/skolor\/"]}]},{"@type":"BreadcrumbList","@id":"https:\/\/hellasgarden.se\/skolor\/#breadcrumb","itemListElement":[{"@type":"ListItem","position":1,"name":"Hem","item":"https:\/\/hellasgarden.se\/"},{"@type":"ListItem","position":2,"name":"Skolor"}]},{"@type":"WebSite","@id":"https:\/\/hellasgarden.se\/#website","url":"https:\/\/hellasgarden.se\/","name":"Hellasg\u00e5rden","description":"Din port till naturen","potentialAction":[{"@type":"SearchAction","target":{"@type":"EntryPoint","urlTemplate":"https:\/\/hellasgarden.se\/?s={search_term_string}"},"query-input":"required name=search_term_string"}],"inLanguage":"en-GB"}]}},"_links":{"self":[{"href":"https:\/\/hellasgarden.se\/en\/wp-json\/wp\/v2\/pages\/199"}],"collection":[{"href":"https:\/\/hellasgarden.se\/en\/wp-json\/wp\/v2\/pages"}],"about":[{"href":"https:\/\/hellasgarden.se\/en\/wp-json\/wp\/v2\/types\/page"}],"author":[{"embeddable":true,"href":"https:\/\/hellasgarden.se\/en\/wp-json\/wp\/v2\/users\/1"}],"replies":[{"embeddable":true,"href":"https:\/\/hellasgarden.se\/en\/wp-json\/wp\/v2\/comments?post=199"}],"version-history":[{"count":84,"href":"https:\/\/hellasgarden.se\/en\/wp-json\/wp\/v2\/pages\/199\/revisions"}],"predecessor-version":[{"id":46729,"href":"https:\/\/hellasgarden.se\/en\/wp-json\/wp\/v2\/pages\/199\/revisions\/46729"}],"wp:attachment":[{"href":"https:\/\/hellasgarden.se\/en\/wp-json\/wp\/v2\/media?parent=199"}],"curies":[{"name":"wp","href":"https:\/\/api.w.org\/{rel}","templated":true}]}}